{"id":6075,"date":"2022-01-21T12:39:42","date_gmt":"2022-01-21T12:39:42","guid":{"rendered":"https:\/\/apollo.stelsoft.pl\/standard-wykonczenia\/"},"modified":"2024-08-08T15:47:15","modified_gmt":"2024-08-08T15:47:15","slug":"ausbaustandard","status":"publish","type":"page","link":"https:\/\/apolloresort.com.pl\/de\/ausbaustandard\/","title":{"rendered":"Ausbaustandard"},"content":{"rendered":"<div class=\"wpb-content-wrapper\"><p>[vc_row][vc_column]<div class=\"mkdf-section-title-holder  mkdf-st-standard mkdf-st-title-left mkdf-st-normal-space \" style=\"text-align: center\">\n\t<div class=\"mkdf-st-inner\">\n        \t\t\t\t\t<h1 class=\"mkdf-st-title\" >\n\t\t\t\tAusbaustandard\t\t\t<\/h1>\n\t\t        <div class=\"mkdf-svg-separator-holder mkdf-svg-separator-small\">\n    <div class=\"mkdf-svg-separator mkdf-svg-frames-class\" data-svg-frames=\"15\" data-svg-drawing=\"yes\" >\n        <svg version=\"1.1\" style=\"stroke: #bf9410\" id=\"layer_729\" xmlns=\"http:\/\/www.w3.org\/2000\/svg\" xmlns:xlink=\"http:\/\/www.w3.org\/1999\/xlink\" x=\"0px\" y=\"0px\"\n             width=\"65.167px\" height=\"11.917px\" viewBox=\"0 0 65.167 11.917\" enable-background=\"new 0 0 65.167 11.917\" xml:space=\"preserve\">\n            <path fill=\"none\" stroke=\"#010101\" stroke-width=\"1\" stroke-miterlimit=\"3\" d=\"M1.045,9.833 9.295,2.083 17.295,9.833\n            24.295,2.083 32.291,9.833 39.294,2.083 47.294,9.833 54.294,2.083 64.287,9.833 \"\/>\n        <\/svg>\n    <\/div>\n<\/div>\t\t\t<\/div>\n<\/div>[\/vc_column][\/vc_row][vc_row][vc_column][vc_column_text]<\/p>\n<p style=\"text-align: center;\">Ein Muster des Innenraums eines Appartements mit einer Fl\u00e4che von 30 Metern<\/p>\n<p>[\/vc_column_text][vc_empty_space][\/vc_column][\/vc_row][vc_row row_content_width=&#8221;grid&#8221;][vc_column offset=&#8221;vc_hidden-xs&#8221;][vc_raw_html]JTNDaWZyYW1lJTIwc3JjJTNEJTIyaHR0cHMlM0ElMkYlMkZtb21lbnRvMzYwLmNvbSUyRmUlMkZ1JTJGM2NjNTQyNjNmNmMyNGI2MTkxZTNhYjRlM2RlMGE3ODElM0Z1dG1fY2FtcGFpZ24lM0RlbWJlZCUyNnV0bV9zb3VyY2UlM0RvdGhlciUyNmhlYWRpbmclM0QwJTI2cGl0Y2glM0QwJTI2ZmllbGQtb2YtdmlldyUzRDc1JTI2c2l6ZSUzRG1lZGl1bSUyMiUyMHdpZHRoJTNEJTIyMTAwJTI1JTIyJTIwaGVpZ2h0JTNEJTIyNjAwcHglMjIlM0UlM0MlMkZpZnJhbWUlM0U=[\/vc_raw_html][\/vc_column][\/vc_row][vc_row][vc_column offset=&#8221;vc_hidden-lg vc_hidden-md vc_hidden-sm&#8221;][vc_wp_text]<\/p>\n<p id=\"4764\" class=\"pw-post-body-paragraph kx ky ji kz b la lb kj lc ld le km lf lg lh li lj lk ll lm ln lo lp lq lr ls jb gc\" data-selectable-paragraph=\"\"><code class=\"fr mm mn mo mp b\"><div class=\"momentopress-container\"><iframe class=\"momentopress-embed\" src=\"https:\/\/momento360.com\/e\/u\/3cc54263f6c24b6191e3ab4e3de0a781?utm_campaign=embed&amp;utm_source=other&amp;heading=0&amp;pitch=0&amp;field-of-view=75&amp;size=medium\" allowfullscreen=\"allowfullscreen\"><\/iframe><\/div><\/code><\/p>\n<p>[\/vc_wp_text][\/vc_column][\/vc_row][vc_row][vc_column][vc_empty_space]<div class=\"mkdf-image-gallery  mkdf-ig-masonry-type mkdf-medium-space mkdf-has-shadow mkdf-image-behavior-lightbox\">\n\t<div class=\"mkdf-ig-inner mkdf-outer-space mkdf-ig-masonry mkdf-ig-three-columns\">\n\t\t<div class=\"mkdf-ig-grid-sizer\"><\/div>\n\t\t<div class=\"mkdf-ig-grid-gutter\"><\/div>\n\t\t\t\t\t\t\t\t<div class=\"mkdf-ig-image mkdf-item-space mkdf-large-masonry-item\">\n\t\t\t\t<div class=\"mkdf-ig-image-inner\">\n\t\t\t\t\t\t\t\t\t\t\t<a itemprop=\"image\" class=\"mkdf-ig-lightbox\" href=\"https:\/\/apolloresort.com.pl\/wp-content\/uploads\/2022\/06\/1.png\" data-rel=\"prettyPhoto[image_gallery_pretty_photo-257]\" title=\"1\">\n\t\t\t\t\t\t\t\t\t\t\t<img loading=\"lazy\" decoding=\"async\" width=\"2400\" height=\"1800\" src=\"https:\/\/apolloresort.com.pl\/wp-content\/uploads\/2022\/06\/1.png\" class=\"attachment-mkdf-large-masonry-item size-mkdf-large-masonry-item\" alt=\"\" srcset=\"https:\/\/apolloresort.com.pl\/wp-content\/uploads\/2022\/06\/1.png 2400w, https:\/\/apolloresort.com.pl\/wp-content\/uploads\/2022\/06\/1-300x225.png 300w, https:\/\/apolloresort.com.pl\/wp-content\/uploads\/2022\/06\/1-1024x768.png 1024w, https:\/\/apolloresort.com.pl\/wp-content\/uploads\/2022\/06\/1-768x576.png 768w, https:\/\/apolloresort.com.pl\/wp-content\/uploads\/2022\/06\/1-1536x1152.png 1536w, https:\/\/apolloresort.com.pl\/wp-content\/uploads\/2022\/06\/1-1100x825.png 1100w, https:\/\/apolloresort.com.pl\/wp-content\/uploads\/2022\/06\/1-373x280.png 373w, https:\/\/apolloresort.com.pl\/wp-content\/uploads\/2022\/06\/1-453x340.png 453w\" sizes=\"(max-width: 2400px) 100vw, 2400px\" \/>\t\t\t\t\t\t\t\t\t\t\t<\/a>\n\t\t\t\t\t\t\t\t\t<\/div>\n\t\t\t<\/div>\n\t\t\t\t\t\t\t\t<div class=\"mkdf-ig-image mkdf-item-space mkdf-large-masonry-item\">\n\t\t\t\t<div class=\"mkdf-ig-image-inner\">\n\t\t\t\t\t\t\t\t\t\t\t<a itemprop=\"image\" class=\"mkdf-ig-lightbox\" href=\"https:\/\/apolloresort.com.pl\/wp-content\/uploads\/2022\/06\/5.png\" data-rel=\"prettyPhoto[image_gallery_pretty_photo-257]\" title=\"5\">\n\t\t\t\t\t\t\t\t\t\t\t<img loading=\"lazy\" decoding=\"async\" width=\"2200\" height=\"1650\" src=\"https:\/\/apolloresort.com.pl\/wp-content\/uploads\/2022\/06\/5.png\" class=\"attachment-mkdf-large-masonry-item size-mkdf-large-masonry-item\" alt=\"\" srcset=\"https:\/\/apolloresort.com.pl\/wp-content\/uploads\/2022\/06\/5.png 2200w, https:\/\/apolloresort.com.pl\/wp-content\/uploads\/2022\/06\/5-300x225.png 300w, https:\/\/apolloresort.com.pl\/wp-content\/uploads\/2022\/06\/5-1024x768.png 1024w, https:\/\/apolloresort.com.pl\/wp-content\/uploads\/2022\/06\/5-768x576.png 768w, https:\/\/apolloresort.com.pl\/wp-content\/uploads\/2022\/06\/5-1536x1152.png 1536w\" sizes=\"(max-width: 2200px) 100vw, 2200px\" \/>\t\t\t\t\t\t\t\t\t\t\t<\/a>\n\t\t\t\t\t\t\t\t\t<\/div>\n\t\t\t<\/div>\n\t\t\t\t\t\t\t\t<div class=\"mkdf-ig-image mkdf-item-space \">\n\t\t\t\t<div class=\"mkdf-ig-image-inner\">\n\t\t\t\t\t\t\t\t\t\t\t<a itemprop=\"image\" class=\"mkdf-ig-lightbox\" href=\"https:\/\/apolloresort.com.pl\/wp-content\/uploads\/2022\/06\/3.png\" data-rel=\"prettyPhoto[image_gallery_pretty_photo-257]\" title=\"3\">\n\t\t\t\t\t\t\t\t\t\t\t<img loading=\"lazy\" decoding=\"async\" width=\"2200\" height=\"2750\" src=\"https:\/\/apolloresort.com.pl\/wp-content\/uploads\/2022\/06\/3.png\" class=\"attachment- size-\" alt=\"\" srcset=\"https:\/\/apolloresort.com.pl\/wp-content\/uploads\/2022\/06\/3.png 2200w, https:\/\/apolloresort.com.pl\/wp-content\/uploads\/2022\/06\/3-240x300.png 240w, https:\/\/apolloresort.com.pl\/wp-content\/uploads\/2022\/06\/3-819x1024.png 819w, https:\/\/apolloresort.com.pl\/wp-content\/uploads\/2022\/06\/3-768x960.png 768w, https:\/\/apolloresort.com.pl\/wp-content\/uploads\/2022\/06\/3-1229x1536.png 1229w, https:\/\/apolloresort.com.pl\/wp-content\/uploads\/2022\/06\/3-1638x2048.png 1638w, https:\/\/apolloresort.com.pl\/wp-content\/uploads\/2022\/06\/3-1100x1375.png 1100w, https:\/\/apolloresort.com.pl\/wp-content\/uploads\/2022\/06\/3-224x280.png 224w, https:\/\/apolloresort.com.pl\/wp-content\/uploads\/2022\/06\/3-272x340.png 272w\" sizes=\"(max-width: 2200px) 100vw, 2200px\" \/>\t\t\t\t\t\t\t\t\t\t\t<\/a>\n\t\t\t\t\t\t\t\t\t<\/div>\n\t\t\t<\/div>\n\t\t\t\t\t\t\t\t<div class=\"mkdf-ig-image mkdf-item-space \">\n\t\t\t\t<div class=\"mkdf-ig-image-inner\">\n\t\t\t\t\t\t\t\t\t\t\t<a itemprop=\"image\" class=\"mkdf-ig-lightbox\" href=\"https:\/\/apolloresort.com.pl\/wp-content\/uploads\/2022\/06\/2.png\" data-rel=\"prettyPhoto[image_gallery_pretty_photo-257]\" title=\"2\">\n\t\t\t\t\t\t\t\t\t\t\t<img loading=\"lazy\" decoding=\"async\" width=\"2226\" height=\"2607\" src=\"https:\/\/apolloresort.com.pl\/wp-content\/uploads\/2022\/06\/2.png\" class=\"attachment- size-\" alt=\"\" srcset=\"https:\/\/apolloresort.com.pl\/wp-content\/uploads\/2022\/06\/2.png 2226w, https:\/\/apolloresort.com.pl\/wp-content\/uploads\/2022\/06\/2-256x300.png 256w, https:\/\/apolloresort.com.pl\/wp-content\/uploads\/2022\/06\/2-874x1024.png 874w, https:\/\/apolloresort.com.pl\/wp-content\/uploads\/2022\/06\/2-768x899.png 768w, https:\/\/apolloresort.com.pl\/wp-content\/uploads\/2022\/06\/2-1312x1536.png 1312w\" sizes=\"(max-width: 2226px) 100vw, 2226px\" \/>\t\t\t\t\t\t\t\t\t\t\t<\/a>\n\t\t\t\t\t\t\t\t\t<\/div>\n\t\t\t<\/div>\n\t\t\t\t\t\t\t\t<div class=\"mkdf-ig-image mkdf-item-space \">\n\t\t\t\t<div class=\"mkdf-ig-image-inner\">\n\t\t\t\t\t\t\t\t\t\t\t<a itemprop=\"image\" class=\"mkdf-ig-lightbox\" href=\"https:\/\/apolloresort.com.pl\/wp-content\/uploads\/2022\/06\/4.png\" data-rel=\"prettyPhoto[image_gallery_pretty_photo-257]\" title=\"4\">\n\t\t\t\t\t\t\t\t\t\t\t<img loading=\"lazy\" decoding=\"async\" width=\"2200\" height=\"2750\" src=\"https:\/\/apolloresort.com.pl\/wp-content\/uploads\/2022\/06\/4.png\" class=\"attachment- size-\" alt=\"\" srcset=\"https:\/\/apolloresort.com.pl\/wp-content\/uploads\/2022\/06\/4.png 2200w, https:\/\/apolloresort.com.pl\/wp-content\/uploads\/2022\/06\/4-240x300.png 240w, https:\/\/apolloresort.com.pl\/wp-content\/uploads\/2022\/06\/4-819x1024.png 819w, https:\/\/apolloresort.com.pl\/wp-content\/uploads\/2022\/06\/4-768x960.png 768w, https:\/\/apolloresort.com.pl\/wp-content\/uploads\/2022\/06\/4-1229x1536.png 1229w, https:\/\/apolloresort.com.pl\/wp-content\/uploads\/2022\/06\/4-1638x2048.png 1638w, https:\/\/apolloresort.com.pl\/wp-content\/uploads\/2022\/06\/4-1100x1375.png 1100w, https:\/\/apolloresort.com.pl\/wp-content\/uploads\/2022\/06\/4-224x280.png 224w, https:\/\/apolloresort.com.pl\/wp-content\/uploads\/2022\/06\/4-272x340.png 272w\" sizes=\"(max-width: 2200px) 100vw, 2200px\" \/>\t\t\t\t\t\t\t\t\t\t\t<\/a>\n\t\t\t\t\t\t\t\t\t<\/div>\n\t\t\t<\/div>\n\t\t\t<\/div>\n<\/div>[\/vc_column][\/vc_row][vc_row][vc_column]<div class=\"mkdf-section-title-holder  mkdf-st-standard mkdf-st-title-left mkdf-st-normal-space \" style=\"text-align: center\">\n\t<div class=\"mkdf-st-inner\">\n        \t\t\t\t\t<h1 class=\"mkdf-st-title\" >\n\t\t\t\tAusbaustandard\t\t\t<\/h1>\n\t\t        <div class=\"mkdf-svg-separator-holder mkdf-svg-separator-small\">\n    <div class=\"mkdf-svg-separator mkdf-svg-frames-class\" data-svg-frames=\"15\" data-svg-drawing=\"yes\" >\n        <svg version=\"1.1\" style=\"stroke: #bf9410\" id=\"layer_745\" xmlns=\"http:\/\/www.w3.org\/2000\/svg\" xmlns:xlink=\"http:\/\/www.w3.org\/1999\/xlink\" x=\"0px\" y=\"0px\"\n             width=\"65.167px\" height=\"11.917px\" viewBox=\"0 0 65.167 11.917\" enable-background=\"new 0 0 65.167 11.917\" xml:space=\"preserve\">\n            <path fill=\"none\" stroke=\"#010101\" stroke-width=\"1\" stroke-miterlimit=\"3\" d=\"M1.045,9.833 9.295,2.083 17.295,9.833\n            24.295,2.083 32.291,9.833 39.294,2.083 47.294,9.833 54.294,2.083 64.287,9.833 \"\/>\n        <\/svg>\n    <\/div>\n<\/div>\t\t\t<\/div>\n<\/div>[\/vc_column][\/vc_row][vc_row][vc_column][vc_empty_space]<div class=\"mkdf-section-title-holder  mkdf-st-standard mkdf-st-title-left mkdf-st-normal-space \" style=\"text-align: center\">\n\t<div class=\"mkdf-st-inner\">\n        \t\t\t\t\t<h1 class=\"mkdf-st-title\" >\n\t\t\t\tKomfort und Modernit\u00e4t in Apollo Resort\t\t\t<\/h1>\n\t\t        <div class=\"mkdf-svg-separator-holder mkdf-svg-separator-small\">\n    <div class=\"mkdf-svg-separator mkdf-svg-frames-class\" data-svg-frames=\"15\" data-svg-drawing=\"yes\" >\n        <svg version=\"1.1\" style=\"stroke: #bf9410\" id=\"layer_811\" xmlns=\"http:\/\/www.w3.org\/2000\/svg\" xmlns:xlink=\"http:\/\/www.w3.org\/1999\/xlink\" x=\"0px\" y=\"0px\"\n             width=\"65.167px\" height=\"11.917px\" viewBox=\"0 0 65.167 11.917\" enable-background=\"new 0 0 65.167 11.917\" xml:space=\"preserve\">\n            <path fill=\"none\" stroke=\"#010101\" stroke-width=\"1\" stroke-miterlimit=\"3\" d=\"M1.045,9.833 9.295,2.083 17.295,9.833\n            24.295,2.083 32.291,9.833 39.294,2.083 47.294,9.833 54.294,2.083 64.287,9.833 \"\/>\n        <\/svg>\n    <\/div>\n<\/div>\t\t\t<\/div>\n<\/div>[\/vc_column][\/vc_row][vc_row][vc_column][vc_empty_space][vc_column_text]In Apollo Resort setzen wir auf den h\u00f6chsten Lebensstandard und Komfort der Bewohner. Alle Appartements wurden von uns so gestaltet, dass Sie sich komfortabel und zufrieden f\u00fchlen.<\/p>\n<p>&nbsp;<\/p>\n<h4>Fu\u03b2bodenheizung in jedem Raum<\/h4>\n<p>Genie\u03b2en Sie W\u00e4rme und Komfort unabh\u00e4ngig von der Jahreszeit! Unsere Appartements sind mit einer modernen Fu\u03b2bodenheizung ausgestattet, die f\u00fcr eine gleichm\u00e4\u00dfige W\u00e4rmeverteilung in jedem Raum sorgt. Diese L\u00f6sung gew\u00e4hrleistet, dass Ihre Wohnung immer angenehm warm ist und Sie den Komfort auf dem h\u00f6chsten Niveau genie\u03b2en k\u00f6nnen.<\/p>\n<p>&nbsp;<\/p>\n<h4>Klimaanlage in jedem Zimmer<\/h4>\n<p>In Apollo Resort verstehen wir genau, wie wichtig thermischer Komfort ist. Deshalb ist jedes Zimmer in unserem Komplex mit einer modernen Klimaanlage ausgestattet, die eine perfekte Temperatur sogar w\u00e4hrend der hei\u03b2esten Sommertage halten l\u00e4sst. Mit der Klimaanlage k\u00f6nnen Sie eine angenehme K\u00e4lte und frische Luft das ganze Jahr \u00fcber genie\u03b2en.[\/vc_column_text][vc_empty_space][\/vc_column][\/vc_row][vc_row][vc_column][vc_column_text]Wir laden Sie zur Entdeckung der einzigartigen Appartements in Apollo Resort, wo moderne Technologien und hoher Ausbaustandard den Komfort und Bequemlichkeit auf dem h\u00f6chsten Niveau bieten.<\/p>\n<p><a href=\"https:\/\/apolloresort.com.pl\/kontakt\/\"><span style=\"font-size: 12pt;\"><strong>Kontaktieren Sie uns!<\/strong><\/span><\/a>[\/vc_column_text][vc_empty_space][\/vc_column][\/vc_row]<\/p>\n<\/div>","protected":false},"excerpt":{"rendered":"<p>[vc_row][vc_column][\/vc_column][\/vc_row][vc_row][vc_column][vc_column_text] Ein Muster des Innenraums eines Appartements mit einer Fl\u00e4che von 30 Metern [\/vc_column_text][vc_empty_space][\/vc_column][\/vc_row][vc_row row_content_width=&#8221;grid&#8221;][vc_column offset=&#8221;vc_hidden-xs&#8221;][vc_raw_html]JTNDaWZyYW1lJTIwc3JjJTNEJTIyaHR0cHMlM0ElMkYlMkZtb21lbnRvMzYwLmNvbSUyRmUlMkZ1JTJGM2NjNTQyNjNmNmMyNGI2MTkxZTNhYjRlM2RlMGE3ODElM0Z1dG1fY2FtcGFpZ24lM0RlbWJlZCUyNnV0bV9zb3VyY2UlM0RvdGhlciUyNmhlYWRpbmclM0QwJTI2cGl0Y2glM0QwJTI2ZmllbGQtb2YtdmlldyUzRDc1JTI2c2l6ZSUzRG1lZGl1bSUyMiUyMHdpZHRoJTNEJTIyMTAwJTI1JTIyJTIwaGVpZ2h0JTNEJTIyNjAwcHglMjIlM0UlM0MlMkZpZnJhbWUlM0U=[\/vc_raw_html][\/vc_column][\/vc_row][vc_row][vc_column offset=&#8221;vc_hidden-lg vc_hidden-md vc_hidden-sm&#8221;][vc_wp_text] [\/vc_wp_text][\/vc_column][\/vc_row][vc_row][vc_column][vc_empty_space][\/vc_column][\/vc_row][vc_row][vc_column][\/vc_column][\/vc_row][vc_row][vc_column][vc_empty_space][\/vc_column][\/vc_row][vc_row][vc_column][vc_empty_space][vc_column_text]In Apollo Resort setzen wir auf den h\u00f6chsten Lebensstandard und Komfort der Bewohner. Alle Appartements wurden von uns so gestaltet, dass&hellip;<\/p>\n","protected":false},"author":1,"featured_media":0,"parent":0,"menu_order":0,"comment_status":"closed","ping_status":"closed","template":"","meta":{"footnotes":""},"acf":[],"_links":{"self":[{"href":"https:\/\/apolloresort.com.pl\/de\/wp-json\/wp\/v2\/pages\/6075"}],"collection":[{"href":"https:\/\/apolloresort.com.pl\/de\/wp-json\/wp\/v2\/pages"}],"about":[{"href":"https:\/\/apolloresort.com.pl\/de\/wp-json\/wp\/v2\/types\/page"}],"author":[{"embeddable":true,"href":"https:\/\/apolloresort.com.pl\/de\/wp-json\/wp\/v2\/users\/1"}],"replies":[{"embeddable":true,"href":"https:\/\/apolloresort.com.pl\/de\/wp-json\/wp\/v2\/comments?post=6075"}],"version-history":[{"count":3,"href":"https:\/\/apolloresort.com.pl\/de\/wp-json\/wp\/v2\/pages\/6075\/revisions"}],"predecessor-version":[{"id":6157,"href":"https:\/\/apolloresort.com.pl\/de\/wp-json\/wp\/v2\/pages\/6075\/revisions\/6157"}],"wp:attachment":[{"href":"https:\/\/apolloresort.com.pl\/de\/wp-json\/wp\/v2\/media?parent=6075"}],"curies":[{"name":"wp","href":"https:\/\/api.w.org\/{rel}","templated":true}]}}