{"id":6079,"date":"2021-12-28T11:48:22","date_gmt":"2021-12-28T11:48:22","guid":{"rendered":"https:\/\/apollo.stelsoft.pl\/o-nas\/"},"modified":"2024-08-08T15:55:27","modified_gmt":"2024-08-08T15:55:27","slug":"ueber-uns","status":"publish","type":"page","link":"https:\/\/apolloresort.com.pl\/de\/ueber-uns\/","title":{"rendered":"\u00dcber uns"},"content":{"rendered":"<div class=\"wpb-content-wrapper\"><p>[vc_row gap=&#8221;35&#8243;][vc_column offset=&#8221;vc_hidden-xs&#8221;]<div class=\"mkdf-section-title-holder  mkdf-st-standard mkdf-st-title-left mkdf-st-normal-space \" style=\"text-align: center\">\n\t<div class=\"mkdf-st-inner\">\n        \t\t\t\t\t<h1 class=\"mkdf-st-title\" >\n\t\t\t\t\u00dcber uns\t\t\t<\/h1>\n\t\t        <div class=\"mkdf-svg-separator-holder mkdf-svg-separator-small\">\n    <div class=\"mkdf-svg-separator mkdf-svg-frames-class\" data-svg-frames=\"15\" data-svg-drawing=\"yes\" >\n        <svg version=\"1.1\" style=\"stroke: #bf9410\" id=\"layer_69\" xmlns=\"http:\/\/www.w3.org\/2000\/svg\" xmlns:xlink=\"http:\/\/www.w3.org\/1999\/xlink\" x=\"0px\" y=\"0px\"\n             width=\"65.167px\" height=\"11.917px\" viewBox=\"0 0 65.167 11.917\" enable-background=\"new 0 0 65.167 11.917\" xml:space=\"preserve\">\n            <path fill=\"none\" stroke=\"#010101\" stroke-width=\"1\" stroke-miterlimit=\"3\" d=\"M1.045,9.833 9.295,2.083 17.295,9.833\n            24.295,2.083 32.291,9.833 39.294,2.083 47.294,9.833 54.294,2.083 64.287,9.833 \"\/>\n        <\/svg>\n    <\/div>\n<\/div>\t\t\t<\/div>\n<\/div>[\/vc_column][\/vc_row][vc_row gap=&#8221;35&#8243;][vc_column offset=&#8221;vc_hidden-lg vc_hidden-md vc_hidden-sm&#8221;]<div class=\"mkdf-section-title-holder  mkdf-st-standard mkdf-st-title-left mkdf-st-normal-space \" style=\"text-align: center\">\n\t<div class=\"mkdf-st-inner\">\n        \t\t\t\t\t<h2 class=\"mkdf-st-title\" >\n\t\t\t\t\u00dcber uns\t\t\t<\/h2>\n\t\t        <div class=\"mkdf-svg-separator-holder mkdf-svg-separator-small\">\n    <div class=\"mkdf-svg-separator mkdf-svg-frames-class\" data-svg-frames=\"15\" data-svg-drawing=\"yes\" >\n        <svg version=\"1.1\" style=\"stroke: #bf9410\" id=\"layer_50\" xmlns=\"http:\/\/www.w3.org\/2000\/svg\" xmlns:xlink=\"http:\/\/www.w3.org\/1999\/xlink\" x=\"0px\" y=\"0px\"\n             width=\"65.167px\" height=\"11.917px\" viewBox=\"0 0 65.167 11.917\" enable-background=\"new 0 0 65.167 11.917\" xml:space=\"preserve\">\n            <path fill=\"none\" stroke=\"#010101\" stroke-width=\"1\" stroke-miterlimit=\"3\" d=\"M1.045,9.833 9.295,2.083 17.295,9.833\n            24.295,2.083 32.291,9.833 39.294,2.083 47.294,9.833 54.294,2.083 64.287,9.833 \"\/>\n        <\/svg>\n    <\/div>\n<\/div>\t\t\t<\/div>\n<\/div>[\/vc_column][\/vc_row][vc_row row_content_width=&#8221;grid&#8221;][vc_column][vc_column_text]<\/p>\n<p class=\"western\" align=\"justify\"><span style=\"font-family: 'Open Sans', serif; font-size: 12pt;\">PRIMS Sp. z o.o. Sp\u00f3\u0142ka komandytowo-Akcyjna (Gr\u00fcndungsjahr 2013), Bauherr Apollo Resort, geh\u00f6rt zu einer Unternehmensgruppe zusammen mit den Gesellschaften: \u015al\u0105ska Grupa Inwestycyjna Sp. z o.o. (Gr\u00fcndungsjahr 1994), Hotel Atol Sp. z o.o. Sp. komandytowa (Gr\u00fcndungsjahr 2010), und Atol Hotele Sp. z o.o., (Gr\u00fcndungsjahr 2014). Die Gesellschaften der Gruppe haben eine langj\u00e4hrige Erfahrung in der Bau- und Hotelbranche.<\/span><\/p>\n<p>[\/vc_column_text][vc_empty_space][\/vc_column][\/vc_row][vc_row row_content_width=&#8221;grid&#8221;][vc_column offset=&#8221;vc_col-lg-6 vc_col-md-6&#8243;]<div class=\"mkdf-elements-holder   mkdf-one-column  mkdf-responsive-mode-768 \" ><div class=\"mkdf-eh-item  mkdf-vertical-alignment-top  \"  data-item-class=\"mkdf-eh-custom-8045\" data-1280-1600=\"40px 8% 0px 5px\" data-1024-1280=\"15px 0% 0px 12px\" data-768-1024=\"15px 0% 0px 12px\" data-680-768=\"15px 0% 0px 0px\" data-680=\"15px 0% 0px 0px\">\n\t<div class=\"mkdf-eh-item-inner\">\n\t\t<div class=\"mkdf-eh-item-content mkdf-eh-custom-8045\" >\n\t\t\t[vc_column_text]<\/p>\n<p class=\"western\" align=\"justify\"><span style=\"font-family: 'Open Sans', serif; font-size: 12pt;\">Der Bauherr hat (im Auftrag der Gesellschaft \u015al\u0105ska Grupa Inwestycyjna) in den Jahren 2007-2010 das Appartementhaus \u201eMonika\u201d (zurzeit Baltic SPA) in \u015awinouj\u015bcie (dt. Swinem\u00fcnde) in ul. Trentowskiego 6 gebaut. Das Geb\u00e4ude wurde im Standard der \u201eschl\u00fcsselfertigen\u201d Appartements mit Garagen und technischen R\u00e4umen errichtet. Im Erdgeschoss finden Sie begleitende Dienstleistungen sowie Hoteleinrichtungen und gastronomische Einrichtungen, auf den anderen Etagen befinden sich 46 Appartements mit einem, zwei bzw. drei Zimmern, einer Kochnische und einem Badezimmer. Es wurde auch eine komplette Infrastruktur um das Geb\u00e4ude herum: ein Parkplatz, Fu\u03b2wege, Pflanzungen mit B\u00e4umen und Rasen zur Verf\u00fcgung gestellt.<\/span><\/p>\n<p>[\/vc_column_text]\t\t<\/div>\n\t<\/div>\n<\/div><\/div>[\/vc_column][vc_column offset=&#8221;vc_col-lg-6 vc_col-md-6&#8243;]<div class=\"mkdf-elements-holder   mkdf-two-columns  mkdf-responsive-mode-768 mkdf-one-column-alignment-left\" ><div class=\"mkdf-eh-item   mkdf-horizontal-alignment-center \"  data-item-class=\"mkdf-eh-custom-6552\" data-768-1024=\"0px 0px 0px 0px\" data-680-768=\"0px 0px 0px 0px\" data-680=\"0px 0px 0px 0px\">\n\t<div class=\"mkdf-eh-item-inner\">\n\t\t<div class=\"mkdf-eh-item-content mkdf-eh-custom-6552\" >\n\t\t\t[vc_single_image image=&#8221;4260&#8243; img_size=&#8221;large&#8221; alignment=&#8221;right&#8221; onclick=&#8221;link_image&#8221;]\t\t<\/div>\n\t<\/div>\n<\/div><\/div>[\/vc_column][vc_column][vc_empty_space height=&#8221;64px&#8221;][\/vc_column][\/vc_row][vc_row row_content_width=&#8221;grid&#8221;][vc_column offset=&#8221;vc_col-lg-6 vc_col-md-6&#8243;]<div class=\"mkdf-elements-holder   mkdf-two-columns  mkdf-responsive-mode-1024 mkdf-one-column-alignment-left\" ><div class=\"mkdf-eh-item   mkdf-horizontal-alignment-center \"  data-item-class=\"mkdf-eh-custom-5447\" data-768-1024=\"0px 0px 0px 0px\" data-680-768=\"0px 0px 0px 0px\" data-680=\"0px 0px 0px 0px\">\n\t<div class=\"mkdf-eh-item-inner\">\n\t\t<div class=\"mkdf-eh-item-content mkdf-eh-custom-5447\" style=\"padding: =\">\n\t\t\t[vc_single_image image=&#8221;4261&#8243; img_size=&#8221;large&#8221; onclick=&#8221;link_image&#8221;]\t\t<\/div>\n\t<\/div>\n<\/div><\/div>[\/vc_column][vc_column offset=&#8221;vc_col-lg-6 vc_col-md-6&#8243;]<div class=\"mkdf-elements-holder   mkdf-one-column  mkdf-responsive-mode-768 \" ><div class=\"mkdf-eh-item  mkdf-vertical-alignment-bottom  \"  data-item-class=\"mkdf-eh-custom-8522\" data-1280-1600=\"40px 8% 0px 5px\" data-1024-1280=\"15px 0% 0px 12px\" data-768-1024=\"15px 0% 0px 12px\" data-680-768=\"15px 0% 0px 0px\" data-680=\"15px 0% 0px 0px\">\n\t<div class=\"mkdf-eh-item-inner\">\n\t\t<div class=\"mkdf-eh-item-content mkdf-eh-custom-8522\" >\n\t\t\t[vc_column_text]<\/p>\n<p class=\"western\" align=\"justify\"><span style=\"font-family: 'Open Sans', serif; font-size: 13pt;\"><span style=\"font-size: 12pt;\">In den Jahren 2007-2008 hat die Gesellschaft eine Grundsanierung des denkmalgesch\u00fctzten Mietshauses in Katowice (dt. Kattowitz) in ul. Kamienna 7 durchgef\u00fchrt, die aus Wohnungen, B\u00fcro- und Dienstleistungsr\u00e4umen besteht.<\/span> <\/span><\/p>\n<p>[\/vc_column_text]\t\t<\/div>\n\t<\/div>\n<\/div><\/div>[\/vc_column][vc_column][vc_empty_space height=&#8221;64px&#8221;][\/vc_column][\/vc_row][vc_row row_content_width=&#8221;grid&#8221;][vc_column offset=&#8221;vc_col-lg-6 vc_col-md-6&#8243;]<div class=\"mkdf-elements-holder   mkdf-one-column  mkdf-responsive-mode-768 \" ><div class=\"mkdf-eh-item  mkdf-vertical-alignment-top  \"  data-item-class=\"mkdf-eh-custom-4439\" data-1280-1600=\"40px 8% 0px 5px\" data-1024-1280=\"15px 0% 0px 12px\" data-768-1024=\"15px 0% 0px 12px\" data-680-768=\"15px 0% 0px 0px\" data-680=\"15px 0% 0px 0px\">\n\t<div class=\"mkdf-eh-item-inner\">\n\t\t<div class=\"mkdf-eh-item-content mkdf-eh-custom-4439\" >\n\t\t\t[vc_column_text]<\/p>\n<p class=\"western\" align=\"justify\">In den Jahren 2015 \u2013 2016 hat SGI ein privates Krankenhaus in Piekary \u015al\u0105skie erbaut, ausgestattet und organisiert. Das Geb\u00e4ude mit dem Parkplatz, der Ausfahrt aus einer \u00f6ffentlichen Stra\u03b2e, dem Beleuchtungssystem und einer internen Gasinstallation wurde nach den Vorgaben des Gesundheitsgesetzes ausgef\u00fchrt und ausgestattet. Diese Vorschriften enthalten eine Reihe von Vorgaben, die f\u00fcr elektrische Anlagen, die Klimaanlage, Bel\u00fcftungsanlage, medizinische Sauerstoffversorgung gelten. Das Krankenhaus verf\u00fcgt \u00fcber Operationss\u00e4le. Zurzeit hat dort \u201eGabos Centrum Medyczne\u201d (\u201eGabos Medizinisches Zentrum\u201d) mit einem breiten Angebot an medizinischen Dienstleistungen seinen Sitz.<\/p>\n<p class=\"western\" align=\"justify\"><span style=\"font-family: 'Open Sans', serif; font-size: 12pt;\"><span style=\"color: #0000ff;\"><u><a href=\"http:\/\/gaboscm.pl\"><span style=\"font-family: 'Open Sans', serif;\">Medizinisches Zentrum Gabos Piekary \u015al\u0105skie &#8211; Beratungsstellen, Behandlungen, Untersuchungen. (gaboscm.pl)<\/span><\/a><\/u><\/span><\/span><\/p>\n<p>[\/vc_column_text]\t\t<\/div>\n\t<\/div>\n<\/div><\/div>[\/vc_column][vc_column offset=&#8221;vc_col-lg-6 vc_col-md-6&#8243;]<div class=\"mkdf-elements-holder   mkdf-two-columns  mkdf-responsive-mode-1024 mkdf-one-column-alignment-left\" ><div class=\"mkdf-eh-item   mkdf-horizontal-alignment-center \"  data-item-class=\"mkdf-eh-custom-7863\" data-768-1024=\"0px 0px 0px 0px\" data-680-768=\"0px 0px 0px 0px\" data-680=\"0px 0px 0px 0px\">\n\t<div class=\"mkdf-eh-item-inner\">\n\t\t<div class=\"mkdf-eh-item-content mkdf-eh-custom-7863\" >\n\t\t\t[vc_single_image image=&#8221;4262&#8243; img_size=&#8221;large&#8221; alignment=&#8221;right&#8221; onclick=&#8221;link_image&#8221;]\t\t<\/div>\n\t<\/div>\n<\/div><\/div>[\/vc_column][vc_column][vc_empty_space height=&#8221;64px&#8221;][\/vc_column][\/vc_row][vc_row row_content_width=&#8221;grid&#8221;][vc_column offset=&#8221;vc_col-lg-6 vc_col-md-6&#8243;]<div class=\"mkdf-elements-holder   mkdf-two-columns  mkdf-responsive-mode-1024 mkdf-one-column-alignment-left\" ><div class=\"mkdf-eh-item   mkdf-horizontal-alignment-center \"  data-item-class=\"mkdf-eh-custom-9927\" data-768-1024=\"0px 0px 0px 0px\" data-680-768=\"0px 0px 0px 0px\" data-680=\"0px 0px 0px 0px\">\n\t<div class=\"mkdf-eh-item-inner\">\n\t\t<div class=\"mkdf-eh-item-content mkdf-eh-custom-9927\" >\n\t\t\t[vc_single_image image=&#8221;4263&#8243; img_size=&#8221;large&#8221; alignment=&#8221;right&#8221; onclick=&#8221;link_image&#8221;]\t\t<\/div>\n\t<\/div>\n<\/div><\/div>[\/vc_column][vc_column offset=&#8221;vc_col-lg-6 vc_col-md-6&#8243;]<div class=\"mkdf-elements-holder   mkdf-one-column  mkdf-responsive-mode-768 \" ><div class=\"mkdf-eh-item    \"  data-item-class=\"mkdf-eh-custom-6081\" data-1280-1600=\"40px 8% 0px 5px\" data-1024-1280=\"15px 0% 0px 12px\" data-768-1024=\"15px 0% 0px 12px\" data-680-768=\"15px 0% 0px 0px\" data-680=\"15px 0% 0px 0px\">\n\t<div class=\"mkdf-eh-item-inner\">\n\t\t<div class=\"mkdf-eh-item-content mkdf-eh-custom-6081\" >\n\t\t\t[vc_column_text]<\/p>\n<p class=\"western\" align=\"justify\"><span style=\"font-family: 'Open Sans', serif; font-size: 12pt;\">Im Jahre 2019 hat sie eine Produktions- und Lagerhalle mit einer Fl\u00e4che von ca. 4,5 tys m2 gebaut und Au\u00dfenanlagen auf dem Gebiet von Katowicka Specjalna Strefa Ekonomiczna (Sonderwirtschaftszone Kattowitz) im Ort Zimna W\u00f3dka gestaltet.<\/span><\/p>\n<p class=\"western\" align=\"justify\"><span style=\"font-family: 'Open Sans', serif; font-size: 13pt;\"><span style=\"font-size: 12pt;\">Die Gesellschaft hat auch die Grundsanierung eines 6-stockigen B\u00fcrogeb\u00e4udes in Szczecin (dt. Stettin) in ul. Po\u0142udniowa durchgef\u00fchrt, in dem sie Dienstleistungen im Bereich Mieten von B\u00fcror\u00e4umen erbringt und das sie selbstst\u00e4ndig verwaltet.<\/span> <\/span><\/p>\n<p>[\/vc_column_text]\t\t<\/div>\n\t<\/div>\n<\/div><\/div>[\/vc_column][vc_column][vc_empty_space height=&#8221;64px&#8221;][\/vc_column][\/vc_row][vc_row row_content_width=&#8221;grid&#8221;][vc_column width=&#8221;1\/2&#8243;]<div class=\"mkdf-elements-holder   mkdf-one-column  mkdf-responsive-mode-768 \" ><div class=\"mkdf-eh-item    \"  data-item-class=\"mkdf-eh-custom-1027\" data-1280-1600=\"40px 8% 0px 5px\" data-1024-1280=\"15px 0% 0px 12px\" data-768-1024=\"15px 0% 0px 12px\" data-680-768=\"15px 0% 0px 0px\" data-680=\"15px 0% 0px 0px\">\n\t<div class=\"mkdf-eh-item-inner\">\n\t\t<div class=\"mkdf-eh-item-content mkdf-eh-custom-1027\" >\n\t\t\t[vc_column_text]<\/p>\n<p class=\"western\" align=\"justify\"><span style=\"font-family: 'Open Sans', serif; font-size: 12pt;\">Zurzeit wird auf dem Gebiet von \u015awinouj\u015bcie die Bauinvestition \u201ePlatinum Resort\u201d von \u015al\u0105ska Grupa Inwestycyjna durchgef\u00fchrt. Die Bauwerke entstehen in der \u017beromskiego-Stra\u03b2e 75 ,77, 78 \u2013 zwischen der neu entstandenen Promenade und der Historischen Promenade. Der Baukomplex Platinum Resort wird ca. 260 Hotelzimmer mit gastronomischen Einrichtungen (thematische Restaurants, Caf\u00e9s, Bars), Konferenzr\u00e4umen und Kureinrichtungen (ein gro\u00dfes Schwimmbad \u2013 25 m, ein Schwimmbecken f\u00fcr Kinder, zwei Whirlpool-Badewannen f\u00fcr 12 Personen und die Saunawelt) umfassen. Neben dem Hotelkomplex sind auch die Gestaltung der Au\u00dfenanlagen auf dem Gel\u00e4nde, das zum Hotel geh\u00f6rt, sowie der Bau einer Tiefgarage mit 160 Parkpl\u00e4tzen geplant.<\/span><\/p>\n<p>[\/vc_column_text]\t\t<\/div>\n\t<\/div>\n<\/div><\/div>[\/vc_column][vc_column width=&#8221;1\/2&#8243; offset=&#8221;vc_col-lg-6 vc_col-md-6&#8243;][vc_single_image image=&#8221;4264&#8243; img_size=&#8221;large&#8221; onclick=&#8221;link_image&#8221;][\/vc_column][vc_column][vc_empty_space height=&#8221;64px&#8221;][\/vc_column][\/vc_row][vc_row row_content_width=&#8221;grid&#8221;][vc_column width=&#8221;1\/2&#8243;][vc_single_image image=&#8221;4268&#8243; img_size=&#8221;large&#8221; alignment=&#8221;right&#8221; onclick=&#8221;link_image&#8221;][\/vc_column][vc_column width=&#8221;1\/2&#8243; offset=&#8221;vc_col-lg-6 vc_col-md-6&#8243;][vc_column_text]<\/p>\n<p class=\"western\" align=\"justify\"><span style=\"font-family: 'Open Sans', serif; font-size: 12pt;\">Die Gesellschaft \u201eAtol Hotele\u201d ist Eigent\u00fcmerin von zwei attraktiv gelegenen Hotelanlagen Atol und Afrodyta SPA im K\u00fcstenviertel von Swinem\u00fcnde, die sie auch selbstst\u00e4ndig verwaltet. In den Jahren 2016-2020 hat sie die beiden Hotelanlagen: Atol in der Orkana-Str. 3 und Afrodyta SPA in der \u017beromskiego-Str. 17 w Swinem\u00fcnde ausgebaut und renoviert, wobei das \u00dcbernachtungsangebot entsprechend bis auf 100 und 177 Hotelzimmer mit Poolinfrastruktur und SPA-Bereichen in den beiden Hotelobjekten ausgeweitet wurde.<\/span><\/p>\n<p class=\"western\" align=\"justify\"><span style=\"font-family: 'Open Sans', serif; font-size: 12pt;\"><span style=\"color: #0000ff;\"><u><a href=\"http:\/\/hotelatol.pl\/\">Hotele Atol &#8211; Hotele Atol &#8211; Swinoujscie &#8211; Entspannen Sie sich an der Ostsee (hotelatol.pl)<\/a><\/u><\/span><\/span><\/p>\n<p>[\/vc_column_text][\/vc_column][vc_column][vc_empty_space height=&#8221;64px&#8221;][\/vc_column][\/vc_row][vc_row][vc_column]<div class=\"mkdf-section-title-holder  mkdf-st-standard mkdf-st-title-left mkdf-st-normal-space \" style=\"text-align: center\">\n\t<div class=\"mkdf-st-inner\">\n        \t\t\t\t\t<h1 class=\"mkdf-st-title\" >\n\t\t\t\tFotogalerie\t\t\t<\/h1>\n\t\t        <div class=\"mkdf-svg-separator-holder mkdf-svg-separator-small\">\n    <div class=\"mkdf-svg-separator mkdf-svg-frames-class\" data-svg-frames=\"15\" data-svg-drawing=\"yes\" >\n        <svg version=\"1.1\" style=\"stroke: #bf9410\" id=\"layer_572\" xmlns=\"http:\/\/www.w3.org\/2000\/svg\" xmlns:xlink=\"http:\/\/www.w3.org\/1999\/xlink\" x=\"0px\" y=\"0px\"\n             width=\"65.167px\" height=\"11.917px\" viewBox=\"0 0 65.167 11.917\" enable-background=\"new 0 0 65.167 11.917\" xml:space=\"preserve\">\n            <path fill=\"none\" stroke=\"#010101\" stroke-width=\"1\" stroke-miterlimit=\"3\" d=\"M1.045,9.833 9.295,2.083 17.295,9.833\n            24.295,2.083 32.291,9.833 39.294,2.083 47.294,9.833 54.294,2.083 64.287,9.833 \"\/>\n        <\/svg>\n    <\/div>\n<\/div>\t\t\t<\/div>\n<\/div>[\/vc_column][vc_column][vc_empty_space][\/vc_column][\/vc_row][vc_row row_content_width=&#8221;grid&#8221;][vc_column]<div class=\"mkdf-image-gallery  mkdf-ig-masonry-type mkdf-normal-space  mkdf-image-behavior-lightbox\">\n\t<div class=\"mkdf-ig-inner mkdf-outer-space mkdf-ig-masonry mkdf-ig-three-columns\">\n\t\t<div class=\"mkdf-ig-grid-sizer\"><\/div>\n\t\t<div class=\"mkdf-ig-grid-gutter\"><\/div>\n\t\t\t\t\t\t\t\t<div class=\"mkdf-ig-image mkdf-item-space \">\n\t\t\t\t<div class=\"mkdf-ig-image-inner\">\n\t\t\t\t\t\t\t\t\t\t\t<a itemprop=\"image\" class=\"mkdf-ig-lightbox\" href=\"https:\/\/apolloresort.com.pl\/wp-content\/uploads\/2022\/01\/7-o-nas.jpg\" data-rel=\"prettyPhoto[image_gallery_pretty_photo-727]\" title=\"7 o nas\">\n\t\t\t\t\t\t\t\t\t\t\t<img loading=\"lazy\" decoding=\"async\" width=\"680\" height=\"1019\" src=\"https:\/\/apolloresort.com.pl\/wp-content\/uploads\/2022\/01\/7-o-nas.jpg\" class=\"attachment- size-\" alt=\"\" srcset=\"https:\/\/apolloresort.com.pl\/wp-content\/uploads\/2022\/01\/7-o-nas.jpg 680w, https:\/\/apolloresort.com.pl\/wp-content\/uploads\/2022\/01\/7-o-nas-200x300.jpg 200w, https:\/\/apolloresort.com.pl\/wp-content\/uploads\/2022\/01\/7-o-nas-187x280.jpg 187w, https:\/\/apolloresort.com.pl\/wp-content\/uploads\/2022\/01\/7-o-nas-227x340.jpg 227w\" sizes=\"(max-width: 680px) 100vw, 680px\" \/>\t\t\t\t\t\t\t\t\t\t\t<\/a>\n\t\t\t\t\t\t\t\t\t<\/div>\n\t\t\t<\/div>\n\t\t\t\t\t\t\t\t<div class=\"mkdf-ig-image mkdf-item-space \">\n\t\t\t\t<div class=\"mkdf-ig-image-inner\">\n\t\t\t\t\t\t\t\t\t\t\t<a itemprop=\"image\" class=\"mkdf-ig-lightbox\" href=\"https:\/\/apolloresort.com.pl\/wp-content\/uploads\/2022\/01\/8-o-nas.jpg\" data-rel=\"prettyPhoto[image_gallery_pretty_photo-727]\" title=\"8 o nas\">\n\t\t\t\t\t\t\t\t\t\t\t<img loading=\"lazy\" decoding=\"async\" width=\"1314\" height=\"879\" src=\"https:\/\/apolloresort.com.pl\/wp-content\/uploads\/2022\/01\/8-o-nas.jpg\" class=\"attachment- size-\" alt=\"\" srcset=\"https:\/\/apolloresort.com.pl\/wp-content\/uploads\/2022\/01\/8-o-nas.jpg 1314w, https:\/\/apolloresort.com.pl\/wp-content\/uploads\/2022\/01\/8-o-nas-300x201.jpg 300w, https:\/\/apolloresort.com.pl\/wp-content\/uploads\/2022\/01\/8-o-nas-1024x685.jpg 1024w, https:\/\/apolloresort.com.pl\/wp-content\/uploads\/2022\/01\/8-o-nas-768x514.jpg 768w, https:\/\/apolloresort.com.pl\/wp-content\/uploads\/2022\/01\/8-o-nas-1100x736.jpg 1100w, https:\/\/apolloresort.com.pl\/wp-content\/uploads\/2022\/01\/8-o-nas-419x280.jpg 419w, https:\/\/apolloresort.com.pl\/wp-content\/uploads\/2022\/01\/8-o-nas-508x340.jpg 508w\" sizes=\"(max-width: 1314px) 100vw, 1314px\" \/>\t\t\t\t\t\t\t\t\t\t\t<\/a>\n\t\t\t\t\t\t\t\t\t<\/div>\n\t\t\t<\/div>\n\t\t\t\t\t\t\t\t<div class=\"mkdf-ig-image mkdf-item-space \">\n\t\t\t\t<div class=\"mkdf-ig-image-inner\">\n\t\t\t\t\t\t\t\t\t\t\t<a itemprop=\"image\" class=\"mkdf-ig-lightbox\" href=\"https:\/\/apolloresort.com.pl\/wp-content\/uploads\/2022\/01\/9-o-nas.jpg\" data-rel=\"prettyPhoto[image_gallery_pretty_photo-727]\" title=\"9 o nas\">\n\t\t\t\t\t\t\t\t\t\t\t<img loading=\"lazy\" decoding=\"async\" width=\"1298\" height=\"974\" src=\"https:\/\/apolloresort.com.pl\/wp-content\/uploads\/2022\/01\/9-o-nas.jpg\" class=\"attachment- size-\" alt=\"\" srcset=\"https:\/\/apolloresort.com.pl\/wp-content\/uploads\/2022\/01\/9-o-nas.jpg 1298w, https:\/\/apolloresort.com.pl\/wp-content\/uploads\/2022\/01\/9-o-nas-300x225.jpg 300w, https:\/\/apolloresort.com.pl\/wp-content\/uploads\/2022\/01\/9-o-nas-1024x768.jpg 1024w, https:\/\/apolloresort.com.pl\/wp-content\/uploads\/2022\/01\/9-o-nas-768x576.jpg 768w, https:\/\/apolloresort.com.pl\/wp-content\/uploads\/2022\/01\/9-o-nas-1100x825.jpg 1100w, https:\/\/apolloresort.com.pl\/wp-content\/uploads\/2022\/01\/9-o-nas-373x280.jpg 373w, https:\/\/apolloresort.com.pl\/wp-content\/uploads\/2022\/01\/9-o-nas-453x340.jpg 453w\" sizes=\"(max-width: 1298px) 100vw, 1298px\" \/>\t\t\t\t\t\t\t\t\t\t\t<\/a>\n\t\t\t\t\t\t\t\t\t<\/div>\n\t\t\t<\/div>\n\t\t\t\t\t\t\t\t<div class=\"mkdf-ig-image mkdf-item-space \">\n\t\t\t\t<div class=\"mkdf-ig-image-inner\">\n\t\t\t\t\t\t\t\t\t\t\t<a itemprop=\"image\" class=\"mkdf-ig-lightbox\" href=\"https:\/\/apolloresort.com.pl\/wp-content\/uploads\/2022\/01\/10-o-nas.jpg\" data-rel=\"prettyPhoto[image_gallery_pretty_photo-727]\" title=\"10 o nas\">\n\t\t\t\t\t\t\t\t\t\t\t<img loading=\"lazy\" decoding=\"async\" width=\"1386\" height=\"925\" src=\"https:\/\/apolloresort.com.pl\/wp-content\/uploads\/2022\/01\/10-o-nas.jpg\" class=\"attachment- size-\" alt=\"\" srcset=\"https:\/\/apolloresort.com.pl\/wp-content\/uploads\/2022\/01\/10-o-nas.jpg 1386w, https:\/\/apolloresort.com.pl\/wp-content\/uploads\/2022\/01\/10-o-nas-300x200.jpg 300w, https:\/\/apolloresort.com.pl\/wp-content\/uploads\/2022\/01\/10-o-nas-1024x683.jpg 1024w, https:\/\/apolloresort.com.pl\/wp-content\/uploads\/2022\/01\/10-o-nas-768x513.jpg 768w, https:\/\/apolloresort.com.pl\/wp-content\/uploads\/2022\/01\/10-o-nas-1100x734.jpg 1100w, https:\/\/apolloresort.com.pl\/wp-content\/uploads\/2022\/01\/10-o-nas-420x280.jpg 420w, https:\/\/apolloresort.com.pl\/wp-content\/uploads\/2022\/01\/10-o-nas-509x340.jpg 509w\" sizes=\"(max-width: 1386px) 100vw, 1386px\" \/>\t\t\t\t\t\t\t\t\t\t\t<\/a>\n\t\t\t\t\t\t\t\t\t<\/div>\n\t\t\t<\/div>\n\t\t\t\t\t\t\t\t<div class=\"mkdf-ig-image mkdf-item-space \">\n\t\t\t\t<div class=\"mkdf-ig-image-inner\">\n\t\t\t\t\t\t\t\t\t\t\t<a itemprop=\"image\" class=\"mkdf-ig-lightbox\" href=\"https:\/\/apolloresort.com.pl\/wp-content\/uploads\/2022\/01\/11-o-nas-1.jpg\" data-rel=\"prettyPhoto[image_gallery_pretty_photo-727]\" title=\"11 o nas\">\n\t\t\t\t\t\t\t\t\t\t\t<img loading=\"lazy\" decoding=\"async\" width=\"1386\" height=\"925\" src=\"https:\/\/apolloresort.com.pl\/wp-content\/uploads\/2022\/01\/11-o-nas-1.jpg\" class=\"attachment- size-\" alt=\"\" srcset=\"https:\/\/apolloresort.com.pl\/wp-content\/uploads\/2022\/01\/11-o-nas-1.jpg 1386w, https:\/\/apolloresort.com.pl\/wp-content\/uploads\/2022\/01\/11-o-nas-1-300x200.jpg 300w, https:\/\/apolloresort.com.pl\/wp-content\/uploads\/2022\/01\/11-o-nas-1-1024x683.jpg 1024w, https:\/\/apolloresort.com.pl\/wp-content\/uploads\/2022\/01\/11-o-nas-1-768x513.jpg 768w, https:\/\/apolloresort.com.pl\/wp-content\/uploads\/2022\/01\/11-o-nas-1-1100x734.jpg 1100w, https:\/\/apolloresort.com.pl\/wp-content\/uploads\/2022\/01\/11-o-nas-1-420x280.jpg 420w, https:\/\/apolloresort.com.pl\/wp-content\/uploads\/2022\/01\/11-o-nas-1-509x340.jpg 509w\" sizes=\"(max-width: 1386px) 100vw, 1386px\" \/>\t\t\t\t\t\t\t\t\t\t\t<\/a>\n\t\t\t\t\t\t\t\t\t<\/div>\n\t\t\t<\/div>\n\t\t\t<\/div>\n<\/div>[\/vc_column][\/vc_row]<\/p>\n<\/div>","protected":false},"excerpt":{"rendered":"<p>[vc_row gap=&#8221;35&#8243;][vc_column offset=&#8221;vc_hidden-xs&#8221;][\/vc_column][\/vc_row][vc_row gap=&#8221;35&#8243;][vc_column offset=&#8221;vc_hidden-lg vc_hidden-md vc_hidden-sm&#8221;][\/vc_column][\/vc_row][vc_row row_content_width=&#8221;grid&#8221;][vc_column][vc_column_text] PRIMS Sp. z o.o. Sp\u00f3\u0142ka komandytowo-Akcyjna (Gr\u00fcndungsjahr 2013), Bauherr Apollo Resort, geh\u00f6rt zu einer Unternehmensgruppe zusammen mit den Gesellschaften: \u015al\u0105ska Grupa Inwestycyjna Sp. z o.o. (Gr\u00fcndungsjahr 1994), Hotel Atol Sp. z o.o.&hellip;<\/p>\n","protected":false},"author":1,"featured_media":0,"parent":0,"menu_order":0,"comment_status":"closed","ping_status":"closed","template":"about-us.php","meta":{"footnotes":""},"acf":[],"_links":{"self":[{"href":"https:\/\/apolloresort.com.pl\/de\/wp-json\/wp\/v2\/pages\/6079"}],"collection":[{"href":"https:\/\/apolloresort.com.pl\/de\/wp-json\/wp\/v2\/pages"}],"about":[{"href":"https:\/\/apolloresort.com.pl\/de\/wp-json\/wp\/v2\/types\/page"}],"author":[{"embeddable":true,"href":"https:\/\/apolloresort.com.pl\/de\/wp-json\/wp\/v2\/users\/1"}],"replies":[{"embeddable":true,"href":"https:\/\/apolloresort.com.pl\/de\/wp-json\/wp\/v2\/comments?post=6079"}],"version-history":[{"count":4,"href":"https:\/\/apolloresort.com.pl\/de\/wp-json\/wp\/v2\/pages\/6079\/revisions"}],"predecessor-version":[{"id":6161,"href":"https:\/\/apolloresort.com.pl\/de\/wp-json\/wp\/v2\/pages\/6079\/revisions\/6161"}],"wp:attachment":[{"href":"https:\/\/apolloresort.com.pl\/de\/wp-json\/wp\/v2\/media?parent=6079"}],"curies":[{"name":"wp","href":"https:\/\/api.w.org\/{rel}","templated":true}]}}