{"id":6078,"date":"2021-12-28T11:48:22","date_gmt":"2021-12-28T11:48:22","guid":{"rendered":"https:\/\/apollo.stelsoft.pl\/o-nas\/"},"modified":"2024-08-08T15:52:51","modified_gmt":"2024-08-08T15:52:51","slug":"about-us","status":"publish","type":"page","link":"https:\/\/apolloresort.com.pl\/en\/about-us\/","title":{"rendered":"About us"},"content":{"rendered":"<div class=\"wpb-content-wrapper\"><p>[vc_row gap=&#8221;35&#8243;][vc_column offset=&#8221;vc_hidden-xs&#8221;]<div class=\"mkdf-section-title-holder  mkdf-st-standard mkdf-st-title-left mkdf-st-normal-space \" style=\"text-align: center\">\n\t<div class=\"mkdf-st-inner\">\n        \t\t\t\t\t<h1 class=\"mkdf-st-title\" >\n\t\t\t\tAbout us\t\t\t<\/h1>\n\t\t        <div class=\"mkdf-svg-separator-holder mkdf-svg-separator-small\">\n    <div class=\"mkdf-svg-separator mkdf-svg-frames-class\" data-svg-frames=\"15\" data-svg-drawing=\"yes\" >\n        <svg version=\"1.1\" style=\"stroke: #bf9410\" id=\"layer_360\" xmlns=\"http:\/\/www.w3.org\/2000\/svg\" xmlns:xlink=\"http:\/\/www.w3.org\/1999\/xlink\" x=\"0px\" y=\"0px\"\n             width=\"65.167px\" height=\"11.917px\" viewBox=\"0 0 65.167 11.917\" enable-background=\"new 0 0 65.167 11.917\" xml:space=\"preserve\">\n            <path fill=\"none\" stroke=\"#010101\" stroke-width=\"1\" stroke-miterlimit=\"3\" d=\"M1.045,9.833 9.295,2.083 17.295,9.833\n            24.295,2.083 32.291,9.833 39.294,2.083 47.294,9.833 54.294,2.083 64.287,9.833 \"\/>\n        <\/svg>\n    <\/div>\n<\/div>\t\t\t<\/div>\n<\/div>[\/vc_column][\/vc_row][vc_row gap=&#8221;35&#8243;][vc_column offset=&#8221;vc_hidden-lg vc_hidden-md vc_hidden-sm&#8221;]<div class=\"mkdf-section-title-holder  mkdf-st-standard mkdf-st-title-left mkdf-st-normal-space \" style=\"text-align: center\">\n\t<div class=\"mkdf-st-inner\">\n        \t\t\t\t\t<h2 class=\"mkdf-st-title\" >\n\t\t\t\tAbout us\t\t\t<\/h2>\n\t\t        <div class=\"mkdf-svg-separator-holder mkdf-svg-separator-small\">\n    <div class=\"mkdf-svg-separator mkdf-svg-frames-class\" data-svg-frames=\"15\" data-svg-drawing=\"yes\" >\n        <svg version=\"1.1\" style=\"stroke: #bf9410\" id=\"layer_577\" xmlns=\"http:\/\/www.w3.org\/2000\/svg\" xmlns:xlink=\"http:\/\/www.w3.org\/1999\/xlink\" x=\"0px\" y=\"0px\"\n             width=\"65.167px\" height=\"11.917px\" viewBox=\"0 0 65.167 11.917\" enable-background=\"new 0 0 65.167 11.917\" xml:space=\"preserve\">\n            <path fill=\"none\" stroke=\"#010101\" stroke-width=\"1\" stroke-miterlimit=\"3\" d=\"M1.045,9.833 9.295,2.083 17.295,9.833\n            24.295,2.083 32.291,9.833 39.294,2.083 47.294,9.833 54.294,2.083 64.287,9.833 \"\/>\n        <\/svg>\n    <\/div>\n<\/div>\t\t\t<\/div>\n<\/div>[\/vc_column][\/vc_row][vc_row row_content_width=&#8221;grid&#8221;][vc_column][vc_column_text]<\/p>\n<p class=\"western\" align=\"justify\"><span style=\"font-family: 'Open Sans', serif; font-size: 12pt;\">PRIMS Sp. z o.o. Sp\u00f3\u0142ka komandytowo-Akcyjna (year of incorporation 2013), Investor of Apollo Resort, belongs to a single capital group together with the Companies: \u015al\u0105ska Grupa Inwestycyjna Sp. z o.o. (year of incorporation 1994), Hotel Atol Sp. z o.o. Sp. komandytowa (year of incorporation 2010), and Atol Hotele Sp. z o.o., (year of incorporation 2014). The group companies have many years of experience in the construction and hotel industry.<\/span><\/p>\n<p>[\/vc_column_text][vc_empty_space][\/vc_column][\/vc_row][vc_row row_content_width=&#8221;grid&#8221;][vc_column offset=&#8221;vc_col-lg-6 vc_col-md-6&#8243;]<div class=\"mkdf-elements-holder   mkdf-one-column  mkdf-responsive-mode-768 \" ><div class=\"mkdf-eh-item  mkdf-vertical-alignment-top  \"  data-item-class=\"mkdf-eh-custom-1080\" data-1280-1600=\"40px 8% 0px 5px\" data-1024-1280=\"15px 0% 0px 12px\" data-768-1024=\"15px 0% 0px 12px\" data-680-768=\"15px 0% 0px 0px\" data-680=\"15px 0% 0px 0px\">\n\t<div class=\"mkdf-eh-item-inner\">\n\t\t<div class=\"mkdf-eh-item-content mkdf-eh-custom-1080\" >\n\t\t\t[vc_column_text]<\/p>\n<p class=\"western\" align=\"justify\"><span style=\"font-family: 'Open Sans', serif; font-size: 12pt;\">The investor realised (on behalf of the company \u015al\u0105ska Grupa Inwestycyjna) between 2007 and 2010 the apartment building &#8220;Monika&#8221; (now Baltic SPA) in \u015awinouj\u015bcie at 6 Trentowskiego St. The building was constructed in turnkey apartment standard with garages and technical rooms. The ground floor contains accompanying services, hotel and catering facilities, while the remaining floors contain 46 one-, two- and three-room apartments with kitchenette and bathroom. The infrastructure around the building is also complete: car park, pavements, tree planting and lawns.<\/span><\/p>\n<p>[\/vc_column_text]\t\t<\/div>\n\t<\/div>\n<\/div><\/div>[\/vc_column][vc_column offset=&#8221;vc_col-lg-6 vc_col-md-6&#8243;]<div class=\"mkdf-elements-holder   mkdf-two-columns  mkdf-responsive-mode-768 mkdf-one-column-alignment-left\" ><div class=\"mkdf-eh-item   mkdf-horizontal-alignment-center \"  data-item-class=\"mkdf-eh-custom-1478\" data-768-1024=\"0px 0px 0px 0px\" data-680-768=\"0px 0px 0px 0px\" data-680=\"0px 0px 0px 0px\">\n\t<div class=\"mkdf-eh-item-inner\">\n\t\t<div class=\"mkdf-eh-item-content mkdf-eh-custom-1478\" >\n\t\t\t[vc_single_image image=&#8221;4260&#8243; img_size=&#8221;large&#8221; alignment=&#8221;right&#8221; onclick=&#8221;link_image&#8221;]\t\t<\/div>\n\t<\/div>\n<\/div><\/div>[\/vc_column][vc_column][vc_empty_space height=&#8221;64px&#8221;][\/vc_column][\/vc_row][vc_row row_content_width=&#8221;grid&#8221;][vc_column offset=&#8221;vc_col-lg-6 vc_col-md-6&#8243;]<div class=\"mkdf-elements-holder   mkdf-two-columns  mkdf-responsive-mode-1024 mkdf-one-column-alignment-left\" ><div class=\"mkdf-eh-item   mkdf-horizontal-alignment-center \"  data-item-class=\"mkdf-eh-custom-6731\" data-768-1024=\"0px 0px 0px 0px\" data-680-768=\"0px 0px 0px 0px\" data-680=\"0px 0px 0px 0px\">\n\t<div class=\"mkdf-eh-item-inner\">\n\t\t<div class=\"mkdf-eh-item-content mkdf-eh-custom-6731\" style=\"padding: =\">\n\t\t\t[vc_single_image image=&#8221;4261&#8243; img_size=&#8221;large&#8221; onclick=&#8221;link_image&#8221;]\t\t<\/div>\n\t<\/div>\n<\/div><\/div>[\/vc_column][vc_column offset=&#8221;vc_col-lg-6 vc_col-md-6&#8243;]<div class=\"mkdf-elements-holder   mkdf-one-column  mkdf-responsive-mode-768 \" ><div class=\"mkdf-eh-item  mkdf-vertical-alignment-bottom  \"  data-item-class=\"mkdf-eh-custom-9834\" data-1280-1600=\"40px 8% 0px 5px\" data-1024-1280=\"15px 0% 0px 12px\" data-768-1024=\"15px 0% 0px 12px\" data-680-768=\"15px 0% 0px 0px\" data-680=\"15px 0% 0px 0px\">\n\t<div class=\"mkdf-eh-item-inner\">\n\t\t<div class=\"mkdf-eh-item-content mkdf-eh-custom-9834\" >\n\t\t\t[vc_column_text]<\/p>\n<p class=\"western\" align=\"justify\"><span style=\"font-family: 'Open Sans', serif; font-size: 13pt;\"><span style=\"font-size: 12pt;\">In 2007-2008, the company carried out a general refurbishment of a historic tenement house in Katowice at 7 Kamienna Street, consisting of residential, office and service premises.<\/span> <\/span><\/p>\n<p>[\/vc_column_text]\t\t<\/div>\n\t<\/div>\n<\/div><\/div>[\/vc_column][vc_column][vc_empty_space height=&#8221;64px&#8221;][\/vc_column][\/vc_row][vc_row row_content_width=&#8221;grid&#8221;][vc_column offset=&#8221;vc_col-lg-6 vc_col-md-6&#8243;]<div class=\"mkdf-elements-holder   mkdf-one-column  mkdf-responsive-mode-768 \" ><div class=\"mkdf-eh-item  mkdf-vertical-alignment-top  \"  data-item-class=\"mkdf-eh-custom-1418\" data-1280-1600=\"40px 8% 0px 5px\" data-1024-1280=\"15px 0% 0px 12px\" data-768-1024=\"15px 0% 0px 12px\" data-680-768=\"15px 0% 0px 0px\" data-680=\"15px 0% 0px 0px\">\n\t<div class=\"mkdf-eh-item-inner\">\n\t\t<div class=\"mkdf-eh-item-content mkdf-eh-custom-1418\" >\n\t\t\t[vc_column_text]<\/p>\n<p class=\"western\" align=\"justify\">Between 2015 and 2016, SGI built, equipped and organised a private hospital in Piekary \u015al\u0105skie. The building, including the car park, the exit from the public road, the lighting installation and the internal gas installation, was constructed and equipped in accordance with the guidelines contained in the law related to the conduct of medical activities. These regulations include a number of guidelines related to electrical installations, air conditioning, ventilation, specialised oxygen installation. The hospital has operating theatres. There is now a &#8216;Gabos Medical Centre&#8217; offering a wide range of medical services.<\/p>\n<p class=\"western\" align=\"justify\"><span style=\"font-family: 'Open Sans', serif; font-size: 12pt;\"><span style=\"color: #0000ff;\"><u><a href=\"http:\/\/gaboscm.pl\"><span style=\"font-family: 'Open Sans', serif;\">Gabos Medical Center Piekary \u015al\u0105skie &#8211; clinics, treatments, examinations. (gaboscm.pl)<\/span><\/a><\/u><\/span><\/span><\/p>\n<p>[\/vc_column_text]\t\t<\/div>\n\t<\/div>\n<\/div><\/div>[\/vc_column][vc_column offset=&#8221;vc_col-lg-6 vc_col-md-6&#8243;]<div class=\"mkdf-elements-holder   mkdf-two-columns  mkdf-responsive-mode-1024 mkdf-one-column-alignment-left\" ><div class=\"mkdf-eh-item   mkdf-horizontal-alignment-center \"  data-item-class=\"mkdf-eh-custom-8750\" data-768-1024=\"0px 0px 0px 0px\" data-680-768=\"0px 0px 0px 0px\" data-680=\"0px 0px 0px 0px\">\n\t<div class=\"mkdf-eh-item-inner\">\n\t\t<div class=\"mkdf-eh-item-content mkdf-eh-custom-8750\" >\n\t\t\t[vc_single_image image=&#8221;4262&#8243; img_size=&#8221;large&#8221; alignment=&#8221;right&#8221; onclick=&#8221;link_image&#8221;]\t\t<\/div>\n\t<\/div>\n<\/div><\/div>[\/vc_column][vc_column][vc_empty_space height=&#8221;64px&#8221;][\/vc_column][\/vc_row][vc_row row_content_width=&#8221;grid&#8221;][vc_column offset=&#8221;vc_col-lg-6 vc_col-md-6&#8243;]<div class=\"mkdf-elements-holder   mkdf-two-columns  mkdf-responsive-mode-1024 mkdf-one-column-alignment-left\" ><div class=\"mkdf-eh-item   mkdf-horizontal-alignment-center \"  data-item-class=\"mkdf-eh-custom-5091\" data-768-1024=\"0px 0px 0px 0px\" data-680-768=\"0px 0px 0px 0px\" data-680=\"0px 0px 0px 0px\">\n\t<div class=\"mkdf-eh-item-inner\">\n\t\t<div class=\"mkdf-eh-item-content mkdf-eh-custom-5091\" >\n\t\t\t[vc_single_image image=&#8221;4263&#8243; img_size=&#8221;large&#8221; alignment=&#8221;right&#8221; onclick=&#8221;link_image&#8221;]\t\t<\/div>\n\t<\/div>\n<\/div><\/div>[\/vc_column][vc_column offset=&#8221;vc_col-lg-6 vc_col-md-6&#8243;]<div class=\"mkdf-elements-holder   mkdf-one-column  mkdf-responsive-mode-768 \" ><div class=\"mkdf-eh-item    \"  data-item-class=\"mkdf-eh-custom-8220\" data-1280-1600=\"40px 8% 0px 5px\" data-1024-1280=\"15px 0% 0px 12px\" data-768-1024=\"15px 0% 0px 12px\" data-680-768=\"15px 0% 0px 0px\" data-680=\"15px 0% 0px 0px\">\n\t<div class=\"mkdf-eh-item-inner\">\n\t\t<div class=\"mkdf-eh-item-content mkdf-eh-custom-8220\" >\n\t\t\t[vc_column_text]<\/p>\n<p class=\"western\" align=\"justify\"><span style=\"font-family: 'Open Sans', serif; font-size: 12pt;\">In 2019, it built a production and storage hall with an area of approximately 4,500 m2, together with landscaping, within the Katowice Special Economic Zone in Zimna W\u00f3dka.<\/span><\/p>\n<p class=\"western\" align=\"justify\"><span style=\"font-family: 'Open Sans', serif; font-size: 13pt;\"><span style=\"font-size: 12pt;\">The company carried out a major refurbishment of a six-storey office building in Szczecin on South Street, in which it provides office rental services and manages the building itself.<\/span> <\/span><\/p>\n<p>[\/vc_column_text]\t\t<\/div>\n\t<\/div>\n<\/div><\/div>[\/vc_column][vc_column][vc_empty_space height=&#8221;64px&#8221;][\/vc_column][\/vc_row][vc_row row_content_width=&#8221;grid&#8221;][vc_column width=&#8221;1\/2&#8243;]<div class=\"mkdf-elements-holder   mkdf-one-column  mkdf-responsive-mode-768 \" ><div class=\"mkdf-eh-item    \"  data-item-class=\"mkdf-eh-custom-8066\" data-1280-1600=\"40px 8% 0px 5px\" data-1024-1280=\"15px 0% 0px 12px\" data-768-1024=\"15px 0% 0px 12px\" data-680-768=\"15px 0% 0px 0px\" data-680=\"15px 0% 0px 0px\">\n\t<div class=\"mkdf-eh-item-inner\">\n\t\t<div class=\"mkdf-eh-item-content mkdf-eh-custom-8066\" >\n\t\t\t[vc_column_text]<\/p>\n<p class=\"western\" align=\"justify\"><span style=\"font-family: 'Open Sans', serif; font-size: 12pt;\">\u015al\u0105ska Grupa Inwestycyjna is currently implementing the &#8220;Platinum Resort&#8221; project in \u015awinouj\u015bcie. The facilities are being built at ul. \u017beromskiego 75,77, 78 &#8211; between the newly built Promenade and the Historic Promenade. The Platinum Resort complex will comprise approximately 260 hotel rooms with catering facilities (theme restaurants, caf\u00e9s, bars), conference and spa facilities (a full-size swimming pool &#8211; 25 m, a children&#8217;s pool, two 12-person jacuzzis and a sauna zone). In addition to the hotel complex, the land adjacent to the hotel will be developed and an underground car park with 160 parking spaces will be built.<\/span><\/p>\n<p>[\/vc_column_text]\t\t<\/div>\n\t<\/div>\n<\/div><\/div>[\/vc_column][vc_column width=&#8221;1\/2&#8243; offset=&#8221;vc_col-lg-6 vc_col-md-6&#8243;][vc_single_image image=&#8221;4264&#8243; img_size=&#8221;large&#8221; onclick=&#8221;link_image&#8221;][\/vc_column][vc_column][vc_empty_space height=&#8221;64px&#8221;][\/vc_column][\/vc_row][vc_row row_content_width=&#8221;grid&#8221;][vc_column width=&#8221;1\/2&#8243;][vc_single_image image=&#8221;4268&#8243; img_size=&#8221;large&#8221; alignment=&#8221;right&#8221; onclick=&#8221;link_image&#8221;][\/vc_column][vc_column width=&#8221;1\/2&#8243; offset=&#8221;vc_col-lg-6 vc_col-md-6&#8243;][vc_column_text]<\/p>\n<p class=\"western\" align=\"justify\"><span style=\"font-family: 'Open Sans', serif; font-size: 12pt;\">The company &#8220;Atol Hotele&#8221; owns two attractively located hotel facilities Atol and Afrodyta SPA located in the Seaside Quarter of Swinoujscie which it manages independently. Between 2016 and 2020, it expanded and refurbished both hotel facilities: Atol at 3 Orkana Street and Afrodyta SPA at 17 \u017beromskiego Street in \u015awinouj\u015bcie, increasing the accommodation base of these facilities to 100 and to 177 hotel rooms together with the Pool and Spa Infrastructure.<\/span><\/p>\n<p class=\"western\" align=\"justify\"><span style=\"font-family: 'Open Sans', serif; font-size: 12pt;\"><span style=\"color: #0000ff;\"><u><a href=\"http:\/\/hotelatol.pl\/\">Hotele Atol &#8211; Hotele Atol &#8211; \u015awinouj\u015bcie &#8211; Relax by the Baltic Sea (hotelatol.pl)<\/a><\/u><\/span><\/span><\/p>\n<p>[\/vc_column_text][\/vc_column][vc_column][vc_empty_space height=&#8221;64px&#8221;][\/vc_column][\/vc_row][vc_row][vc_column]<div class=\"mkdf-section-title-holder  mkdf-st-standard mkdf-st-title-left mkdf-st-normal-space \" style=\"text-align: center\">\n\t<div class=\"mkdf-st-inner\">\n        \t\t\t\t\t<h1 class=\"mkdf-st-title\" >\n\t\t\t\tGallery\t\t\t<\/h1>\n\t\t        <div class=\"mkdf-svg-separator-holder mkdf-svg-separator-small\">\n    <div class=\"mkdf-svg-separator mkdf-svg-frames-class\" data-svg-frames=\"15\" data-svg-drawing=\"yes\" >\n        <svg version=\"1.1\" style=\"stroke: #bf9410\" id=\"layer_798\" xmlns=\"http:\/\/www.w3.org\/2000\/svg\" xmlns:xlink=\"http:\/\/www.w3.org\/1999\/xlink\" x=\"0px\" y=\"0px\"\n             width=\"65.167px\" height=\"11.917px\" viewBox=\"0 0 65.167 11.917\" enable-background=\"new 0 0 65.167 11.917\" xml:space=\"preserve\">\n            <path fill=\"none\" stroke=\"#010101\" stroke-width=\"1\" stroke-miterlimit=\"3\" d=\"M1.045,9.833 9.295,2.083 17.295,9.833\n            24.295,2.083 32.291,9.833 39.294,2.083 47.294,9.833 54.294,2.083 64.287,9.833 \"\/>\n        <\/svg>\n    <\/div>\n<\/div>\t\t\t<\/div>\n<\/div>[\/vc_column][vc_column][vc_empty_space][\/vc_column][\/vc_row][vc_row row_content_width=&#8221;grid&#8221;][vc_column]<div class=\"mkdf-image-gallery  mkdf-ig-masonry-type mkdf-normal-space  mkdf-image-behavior-lightbox\">\n\t<div class=\"mkdf-ig-inner mkdf-outer-space mkdf-ig-masonry mkdf-ig-three-columns\">\n\t\t<div class=\"mkdf-ig-grid-sizer\"><\/div>\n\t\t<div class=\"mkdf-ig-grid-gutter\"><\/div>\n\t\t\t\t\t\t\t\t<div class=\"mkdf-ig-image mkdf-item-space \">\n\t\t\t\t<div class=\"mkdf-ig-image-inner\">\n\t\t\t\t\t\t\t\t\t\t\t<a itemprop=\"image\" class=\"mkdf-ig-lightbox\" href=\"https:\/\/apolloresort.com.pl\/wp-content\/uploads\/2022\/01\/7-o-nas.jpg\" data-rel=\"prettyPhoto[image_gallery_pretty_photo-507]\" title=\"7 o nas\">\n\t\t\t\t\t\t\t\t\t\t\t<img loading=\"lazy\" decoding=\"async\" width=\"680\" height=\"1019\" src=\"https:\/\/apolloresort.com.pl\/wp-content\/uploads\/2022\/01\/7-o-nas.jpg\" class=\"attachment- size-\" alt=\"\" srcset=\"https:\/\/apolloresort.com.pl\/wp-content\/uploads\/2022\/01\/7-o-nas.jpg 680w, https:\/\/apolloresort.com.pl\/wp-content\/uploads\/2022\/01\/7-o-nas-200x300.jpg 200w, https:\/\/apolloresort.com.pl\/wp-content\/uploads\/2022\/01\/7-o-nas-187x280.jpg 187w, https:\/\/apolloresort.com.pl\/wp-content\/uploads\/2022\/01\/7-o-nas-227x340.jpg 227w\" sizes=\"(max-width: 680px) 100vw, 680px\" \/>\t\t\t\t\t\t\t\t\t\t\t<\/a>\n\t\t\t\t\t\t\t\t\t<\/div>\n\t\t\t<\/div>\n\t\t\t\t\t\t\t\t<div class=\"mkdf-ig-image mkdf-item-space \">\n\t\t\t\t<div class=\"mkdf-ig-image-inner\">\n\t\t\t\t\t\t\t\t\t\t\t<a itemprop=\"image\" class=\"mkdf-ig-lightbox\" href=\"https:\/\/apolloresort.com.pl\/wp-content\/uploads\/2022\/01\/8-o-nas.jpg\" data-rel=\"prettyPhoto[image_gallery_pretty_photo-507]\" title=\"8 o nas\">\n\t\t\t\t\t\t\t\t\t\t\t<img loading=\"lazy\" decoding=\"async\" width=\"1314\" height=\"879\" src=\"https:\/\/apolloresort.com.pl\/wp-content\/uploads\/2022\/01\/8-o-nas.jpg\" class=\"attachment- size-\" alt=\"\" srcset=\"https:\/\/apolloresort.com.pl\/wp-content\/uploads\/2022\/01\/8-o-nas.jpg 1314w, https:\/\/apolloresort.com.pl\/wp-content\/uploads\/2022\/01\/8-o-nas-300x201.jpg 300w, https:\/\/apolloresort.com.pl\/wp-content\/uploads\/2022\/01\/8-o-nas-1024x685.jpg 1024w, https:\/\/apolloresort.com.pl\/wp-content\/uploads\/2022\/01\/8-o-nas-768x514.jpg 768w, https:\/\/apolloresort.com.pl\/wp-content\/uploads\/2022\/01\/8-o-nas-1100x736.jpg 1100w, https:\/\/apolloresort.com.pl\/wp-content\/uploads\/2022\/01\/8-o-nas-419x280.jpg 419w, https:\/\/apolloresort.com.pl\/wp-content\/uploads\/2022\/01\/8-o-nas-508x340.jpg 508w\" sizes=\"(max-width: 1314px) 100vw, 1314px\" \/>\t\t\t\t\t\t\t\t\t\t\t<\/a>\n\t\t\t\t\t\t\t\t\t<\/div>\n\t\t\t<\/div>\n\t\t\t\t\t\t\t\t<div class=\"mkdf-ig-image mkdf-item-space \">\n\t\t\t\t<div class=\"mkdf-ig-image-inner\">\n\t\t\t\t\t\t\t\t\t\t\t<a itemprop=\"image\" class=\"mkdf-ig-lightbox\" href=\"https:\/\/apolloresort.com.pl\/wp-content\/uploads\/2022\/01\/9-o-nas.jpg\" data-rel=\"prettyPhoto[image_gallery_pretty_photo-507]\" title=\"9 o nas\">\n\t\t\t\t\t\t\t\t\t\t\t<img loading=\"lazy\" decoding=\"async\" width=\"1298\" height=\"974\" src=\"https:\/\/apolloresort.com.pl\/wp-content\/uploads\/2022\/01\/9-o-nas.jpg\" class=\"attachment- size-\" alt=\"\" srcset=\"https:\/\/apolloresort.com.pl\/wp-content\/uploads\/2022\/01\/9-o-nas.jpg 1298w, https:\/\/apolloresort.com.pl\/wp-content\/uploads\/2022\/01\/9-o-nas-300x225.jpg 300w, https:\/\/apolloresort.com.pl\/wp-content\/uploads\/2022\/01\/9-o-nas-1024x768.jpg 1024w, https:\/\/apolloresort.com.pl\/wp-content\/uploads\/2022\/01\/9-o-nas-768x576.jpg 768w, https:\/\/apolloresort.com.pl\/wp-content\/uploads\/2022\/01\/9-o-nas-1100x825.jpg 1100w, https:\/\/apolloresort.com.pl\/wp-content\/uploads\/2022\/01\/9-o-nas-373x280.jpg 373w, https:\/\/apolloresort.com.pl\/wp-content\/uploads\/2022\/01\/9-o-nas-453x340.jpg 453w\" sizes=\"(max-width: 1298px) 100vw, 1298px\" \/>\t\t\t\t\t\t\t\t\t\t\t<\/a>\n\t\t\t\t\t\t\t\t\t<\/div>\n\t\t\t<\/div>\n\t\t\t\t\t\t\t\t<div class=\"mkdf-ig-image mkdf-item-space \">\n\t\t\t\t<div class=\"mkdf-ig-image-inner\">\n\t\t\t\t\t\t\t\t\t\t\t<a itemprop=\"image\" class=\"mkdf-ig-lightbox\" href=\"https:\/\/apolloresort.com.pl\/wp-content\/uploads\/2022\/01\/10-o-nas.jpg\" data-rel=\"prettyPhoto[image_gallery_pretty_photo-507]\" title=\"10 o nas\">\n\t\t\t\t\t\t\t\t\t\t\t<img loading=\"lazy\" decoding=\"async\" width=\"1386\" height=\"925\" src=\"https:\/\/apolloresort.com.pl\/wp-content\/uploads\/2022\/01\/10-o-nas.jpg\" class=\"attachment- size-\" alt=\"\" srcset=\"https:\/\/apolloresort.com.pl\/wp-content\/uploads\/2022\/01\/10-o-nas.jpg 1386w, https:\/\/apolloresort.com.pl\/wp-content\/uploads\/2022\/01\/10-o-nas-300x200.jpg 300w, https:\/\/apolloresort.com.pl\/wp-content\/uploads\/2022\/01\/10-o-nas-1024x683.jpg 1024w, https:\/\/apolloresort.com.pl\/wp-content\/uploads\/2022\/01\/10-o-nas-768x513.jpg 768w, https:\/\/apolloresort.com.pl\/wp-content\/uploads\/2022\/01\/10-o-nas-1100x734.jpg 1100w, https:\/\/apolloresort.com.pl\/wp-content\/uploads\/2022\/01\/10-o-nas-420x280.jpg 420w, https:\/\/apolloresort.com.pl\/wp-content\/uploads\/2022\/01\/10-o-nas-509x340.jpg 509w\" sizes=\"(max-width: 1386px) 100vw, 1386px\" \/>\t\t\t\t\t\t\t\t\t\t\t<\/a>\n\t\t\t\t\t\t\t\t\t<\/div>\n\t\t\t<\/div>\n\t\t\t\t\t\t\t\t<div class=\"mkdf-ig-image mkdf-item-space \">\n\t\t\t\t<div class=\"mkdf-ig-image-inner\">\n\t\t\t\t\t\t\t\t\t\t\t<a itemprop=\"image\" class=\"mkdf-ig-lightbox\" href=\"https:\/\/apolloresort.com.pl\/wp-content\/uploads\/2022\/01\/11-o-nas-1.jpg\" data-rel=\"prettyPhoto[image_gallery_pretty_photo-507]\" title=\"11 o nas\">\n\t\t\t\t\t\t\t\t\t\t\t<img loading=\"lazy\" decoding=\"async\" width=\"1386\" height=\"925\" src=\"https:\/\/apolloresort.com.pl\/wp-content\/uploads\/2022\/01\/11-o-nas-1.jpg\" class=\"attachment- size-\" alt=\"\" srcset=\"https:\/\/apolloresort.com.pl\/wp-content\/uploads\/2022\/01\/11-o-nas-1.jpg 1386w, https:\/\/apolloresort.com.pl\/wp-content\/uploads\/2022\/01\/11-o-nas-1-300x200.jpg 300w, https:\/\/apolloresort.com.pl\/wp-content\/uploads\/2022\/01\/11-o-nas-1-1024x683.jpg 1024w, https:\/\/apolloresort.com.pl\/wp-content\/uploads\/2022\/01\/11-o-nas-1-768x513.jpg 768w, https:\/\/apolloresort.com.pl\/wp-content\/uploads\/2022\/01\/11-o-nas-1-1100x734.jpg 1100w, https:\/\/apolloresort.com.pl\/wp-content\/uploads\/2022\/01\/11-o-nas-1-420x280.jpg 420w, https:\/\/apolloresort.com.pl\/wp-content\/uploads\/2022\/01\/11-o-nas-1-509x340.jpg 509w\" sizes=\"(max-width: 1386px) 100vw, 1386px\" \/>\t\t\t\t\t\t\t\t\t\t\t<\/a>\n\t\t\t\t\t\t\t\t\t<\/div>\n\t\t\t<\/div>\n\t\t\t<\/div>\n<\/div>[\/vc_column][\/vc_row]<\/p>\n<\/div>","protected":false},"excerpt":{"rendered":"<p>[vc_row gap=&#8221;35&#8243;][vc_column offset=&#8221;vc_hidden-xs&#8221;][\/vc_column][\/vc_row][vc_row gap=&#8221;35&#8243;][vc_column offset=&#8221;vc_hidden-lg vc_hidden-md vc_hidden-sm&#8221;][\/vc_column][\/vc_row][vc_row row_content_width=&#8221;grid&#8221;][vc_column][vc_column_text] PRIMS Sp. z o.o. Sp\u00f3\u0142ka komandytowo-Akcyjna (year of incorporation 2013), Investor of Apollo Resort, belongs to a single capital group together with the Companies: \u015al\u0105ska Grupa Inwestycyjna Sp. z o.o. (year of&hellip;<\/p>\n","protected":false},"author":1,"featured_media":0,"parent":0,"menu_order":0,"comment_status":"closed","ping_status":"closed","template":"about-us.php","meta":{"footnotes":""},"acf":[],"_links":{"self":[{"href":"https:\/\/apolloresort.com.pl\/en\/wp-json\/wp\/v2\/pages\/6078"}],"collection":[{"href":"https:\/\/apolloresort.com.pl\/en\/wp-json\/wp\/v2\/pages"}],"about":[{"href":"https:\/\/apolloresort.com.pl\/en\/wp-json\/wp\/v2\/types\/page"}],"author":[{"embeddable":true,"href":"https:\/\/apolloresort.com.pl\/en\/wp-json\/wp\/v2\/users\/1"}],"replies":[{"embeddable":true,"href":"https:\/\/apolloresort.com.pl\/en\/wp-json\/wp\/v2\/comments?post=6078"}],"version-history":[{"count":5,"href":"https:\/\/apolloresort.com.pl\/en\/wp-json\/wp\/v2\/pages\/6078\/revisions"}],"predecessor-version":[{"id":6160,"href":"https:\/\/apolloresort.com.pl\/en\/wp-json\/wp\/v2\/pages\/6078\/revisions\/6160"}],"wp:attachment":[{"href":"https:\/\/apolloresort.com.pl\/en\/wp-json\/wp\/v2\/media?parent=6078"}],"curies":[{"name":"wp","href":"https:\/\/api.w.org\/{rel}","templated":true}]}}