{"id":6084,"date":"2021-12-17T11:59:35","date_gmt":"2021-12-17T11:59:35","guid":{"rendered":"https:\/\/apollo.stelsoft.pl\/kontakt\/"},"modified":"2024-08-08T13:10:11","modified_gmt":"2024-08-08T13:10:11","slug":"contact","status":"publish","type":"page","link":"https:\/\/apolloresort.com.pl\/en\/contact\/","title":{"rendered":"Contact"},"content":{"rendered":"<div class=\"wpb-content-wrapper\"><p>[vc_row][vc_column offset=&#8221;vc_hidden-xs&#8221;]<div class=\"mkdf-section-title-holder  mkdf-st-standard mkdf-st-title-left mkdf-st-normal-space \" style=\"text-align: center\">\n\t<div class=\"mkdf-st-inner\">\n        \t\t\t\t\t<h1 class=\"mkdf-st-title\" >\n\t\t\t\tContact\t\t\t<\/h1>\n\t\t        <div class=\"mkdf-svg-separator-holder mkdf-svg-separator-small\">\n    <div class=\"mkdf-svg-separator mkdf-svg-frames-class\" data-svg-frames=\"15\" data-svg-drawing=\"yes\" >\n        <svg version=\"1.1\" style=\"stroke: #bf9410\" id=\"layer_753\" xmlns=\"http:\/\/www.w3.org\/2000\/svg\" xmlns:xlink=\"http:\/\/www.w3.org\/1999\/xlink\" x=\"0px\" y=\"0px\"\n             width=\"65.167px\" height=\"11.917px\" viewBox=\"0 0 65.167 11.917\" enable-background=\"new 0 0 65.167 11.917\" xml:space=\"preserve\">\n            <path fill=\"none\" stroke=\"#010101\" stroke-width=\"1\" stroke-miterlimit=\"3\" d=\"M1.045,9.833 9.295,2.083 17.295,9.833\n            24.295,2.083 32.291,9.833 39.294,2.083 47.294,9.833 54.294,2.083 64.287,9.833 \"\/>\n        <\/svg>\n    <\/div>\n<\/div>\t\t\t<\/div>\n<\/div>[\/vc_column][\/vc_row][vc_row][vc_column offset=&#8221;vc_hidden-lg vc_hidden-md vc_hidden-sm&#8221;]<div class=\"mkdf-section-title-holder  mkdf-st-standard mkdf-st-title-left mkdf-st-normal-space \" style=\"text-align: center\">\n\t<div class=\"mkdf-st-inner\">\n        \t\t\t\t\t<h2 class=\"mkdf-st-title\" >\n\t\t\t\tContact\t\t\t<\/h2>\n\t\t        <div class=\"mkdf-svg-separator-holder mkdf-svg-separator-small\">\n    <div class=\"mkdf-svg-separator mkdf-svg-frames-class\" data-svg-frames=\"15\" data-svg-drawing=\"yes\" >\n        <svg version=\"1.1\" style=\"stroke: #bf9410\" id=\"layer_510\" xmlns=\"http:\/\/www.w3.org\/2000\/svg\" xmlns:xlink=\"http:\/\/www.w3.org\/1999\/xlink\" x=\"0px\" y=\"0px\"\n             width=\"65.167px\" height=\"11.917px\" viewBox=\"0 0 65.167 11.917\" enable-background=\"new 0 0 65.167 11.917\" xml:space=\"preserve\">\n            <path fill=\"none\" stroke=\"#010101\" stroke-width=\"1\" stroke-miterlimit=\"3\" d=\"M1.045,9.833 9.295,2.083 17.295,9.833\n            24.295,2.083 32.291,9.833 39.294,2.083 47.294,9.833 54.294,2.083 64.287,9.833 \"\/>\n        <\/svg>\n    <\/div>\n<\/div>\t\t\t<\/div>\n<\/div>[\/vc_column][vc_column][vc_empty_space][\/vc_column][\/vc_row][vc_row row_content_width=&#8221;grid&#8221; content_text_aligment=&#8221;left&#8221;][vc_column offset=&#8221;vc_col-lg-6&#8243;]<div class=\"mkdf-google-map-holder mkdf-circle-map\">\n    <div class=\"mkdf-google-map\" id=\"mkdf-map-2999048\" data-addresses='[\"Apollo Resort \u015awinouj\u015bcie\"]' data-custom-map-style=false data-color-overlay=#393939 data-saturation=-100 data-lightness=-60 data-zoom=13 data-pin=https:\/\/apolloresort.com.pl\/wp-content\/uploads\/2017\/11\/google-pin.png data-unique-id=2999048 data-scroll-wheel=false data-height=600 ><\/div>\n            <div class=\"mkdf-google-map-overlay\"><\/div>\n    <\/div>\n[vc_empty_space height=&#8221;30&#8243;][\/vc_column][vc_column offset=&#8221;vc_col-lg-6&#8243;]<div class=\"mkdf-elements-holder   mkdf-one-column  mkdf-responsive-mode-768 \" ><div class=\"mkdf-eh-item    \"  data-item-class=\"mkdf-eh-custom-9167\">\n\t<div class=\"mkdf-eh-item-inner\">\n\t\t<div class=\"mkdf-eh-item-content mkdf-eh-custom-9167\" style=\"padding: 0 0 0 5%\">\n\t\t\t<div class=\"mkdf-section-title-holder  mkdf-st-standard mkdf-st-title-left mkdf-st-normal-space \" style=\"text-align: center\">\n\t<div class=\"mkdf-st-inner\">\n        \t\t\t\t\t<h2 class=\"mkdf-st-title\" >\n\t\t\t\tContact us\t\t\t<\/h2>\n\t\t        \t\t\t<\/div>\n<\/div>[vc_empty_space height=&#8221;24px&#8221;]\n<div class=\"wpcf7 no-js\" id=\"wpcf7-f6090-o1\" lang=\"en-US\" dir=\"ltr\">\n<div class=\"screen-reader-response\"><p role=\"status\" aria-live=\"polite\" aria-atomic=\"true\"><\/p> <ul><\/ul><\/div>\n<form action=\"\/en\/wp-json\/wp\/v2\/pages\/6084#wpcf7-f6090-o1\" method=\"post\" class=\"wpcf7-form init cf7_custom_style_1\" aria-label=\"Contact form\" novalidate=\"novalidate\" data-status=\"init\">\n<div style=\"display: none;\">\n<input type=\"hidden\" name=\"_wpcf7\" value=\"6090\" \/>\n<input type=\"hidden\" name=\"_wpcf7_version\" value=\"5.8.4\" \/>\n<input type=\"hidden\" name=\"_wpcf7_locale\" value=\"en_US\" \/>\n<input type=\"hidden\" name=\"_wpcf7_unit_tag\" value=\"wpcf7-f6090-o1\" \/>\n<input type=\"hidden\" name=\"_wpcf7_container_post\" value=\"0\" \/>\n<input type=\"hidden\" name=\"_wpcf7_posted_data_hash\" value=\"\" \/>\n<\/div>\n<div class=\"mkdf-grid-row mkdf-grid-small-gutter\">\n\t<div class=\"mkdf-grid-col-6\">\n\t\t<p><label>First name<\/label><span style=\"color: #bf9410;\">*<\/span><br \/>\n<span class=\"wpcf7-form-control-wrap\" data-name=\"sm-name\"><input size=\"40\" class=\"wpcf7-form-control wpcf7-text wpcf7-validates-as-required\" aria-required=\"true\" aria-invalid=\"false\" value=\"\" type=\"text\" name=\"sm-name\" \/><\/span>\n\t\t<\/p>\n\t<\/div>\n\t<div class=\"mkdf-grid-col-6\">\n\t\t<p><label>Surname<\/label><span style=\"color: #bf9410;\">*<\/span><br \/>\n<span class=\"wpcf7-form-control-wrap\" data-name=\"sm-surname\"><input size=\"40\" class=\"wpcf7-form-control wpcf7-text wpcf7-validates-as-required\" aria-required=\"true\" aria-invalid=\"false\" value=\"\" type=\"text\" name=\"sm-surname\" \/><\/span>\n\t\t<\/p>\n\t<\/div>\n\t<div class=\"mkdf-grid-col-6\">\n\t\t<p><label>Email<\/label><span style=\"color: #bf9410;\">*<\/span><br \/>\n<span class=\"wpcf7-form-control-wrap\" data-name=\"sm-email\"><input size=\"40\" class=\"wpcf7-form-control wpcf7-email wpcf7-validates-as-required wpcf7-text wpcf7-validates-as-email\" aria-required=\"true\" aria-invalid=\"false\" value=\"\" type=\"email\" name=\"sm-email\" \/><\/span>\n\t\t<\/p>\n\t<\/div>\n\t<div class=\"mkdf-grid-col-6\">\n\t\t<p><label>Phone<\/label><span style=\"color: #bf9410;\">*<\/span><br \/>\n<span class=\"wpcf7-form-control-wrap\" data-name=\"sm-telefon\"><input size=\"40\" class=\"wpcf7-form-control wpcf7-text wpcf7-validates-as-required\" aria-required=\"true\" aria-invalid=\"false\" value=\"\" type=\"text\" name=\"sm-telefon\" \/><\/span>\n\t\t<\/p>\n\t<\/div>\n\t<div class=\"mkdf-submit-wrapper\">\n\t\t<p><input class=\"wpcf7-form-control wpcf7-submit has-spinner\" type=\"submit\" value=\"Send message\" \/><i class=\"arrow_carrot-2right\"><\/i>\n\t\t<\/p>\n\t<\/div>\n<\/div>\n<div class=\"col-6\">\n\t<p><label class=\"accept\"><br \/>\n<span class=\"wpcf7-form-control-wrap\" data-name=\"sm-optin\"><span class=\"wpcf7-form-control wpcf7-checkbox\"><span class=\"wpcf7-list-item first last\"><input type=\"checkbox\" name=\"sm-optin[]\" value=\"I consent to the processing by PRIMS Sp. z o.o., SKA, of my personal data contained in this contact form for the purpose and to the extent necessary to process my request\" \/><span class=\"wpcf7-list-item-label\">I consent to the processing by PRIMS Sp. z o.o., SKA, of my personal data contained in this contact form for the purpose and to the extent necessary to process my request<\/span><\/span><\/span><\/span><br \/>\n<\/label><br \/>\n<label class=\"accept\"><br \/>\n<span class=\"wpcf7-form-control-wrap\" data-name=\"email-optin\"><span class=\"wpcf7-form-control wpcf7-checkbox\"><span class=\"wpcf7-list-item first last\"><input type=\"checkbox\" name=\"email-optin[]\" value=\"I consent to the processing by PRIMS Sp. z o.o., SKA, of my personal data contained in this contact form for the purpose of sending me commercial offers for the company&#039;s own products by e-mail.\" \/><span class=\"wpcf7-list-item-label\">I consent to the processing by PRIMS Sp. z o.o., SKA, of my personal data contained in this contact form for the purpose of sending me commercial offers for the company&#039;s own products by e-mail.<\/span><\/span><\/span><\/span><br \/>\n<\/label><br \/>\n<label class=\"accept\"><br \/>\n<span class=\"wpcf7-form-control-wrap\" data-name=\"giodo-optin\"><span class=\"wpcf7-form-control wpcf7-checkbox wpcf7-validates-as-required\"><span class=\"wpcf7-list-item first last\"><input type=\"checkbox\" name=\"giodo-optin[]\" value=\"I consent to the processing by PRIMS Sp. z o.o., SKA, of my personal data contained in this contact form for the purpose of telephone contact by company representatives in matters related to the commercial offer for own products. (required)\" \/><span class=\"wpcf7-list-item-label\">I consent to the processing by PRIMS Sp. z o.o., SKA, of my personal data contained in this contact form for the purpose of telephone contact by company representatives in matters related to the commercial offer for own products. (required)<\/span><\/span><\/span><\/span><br \/>\n<\/label>\n\t<\/p>\n<\/div><div class=\"wpcf7-response-output\" aria-hidden=\"true\"><\/div>\n<\/form>\n<\/div>\n\t\t<\/div>\n\t<\/div>\n<\/div><\/div>[\/vc_column][vc_column][vc_empty_space height=&#8221;50&#8243;][\/vc_column][\/vc_row][vc_row row_content_width=&#8221;grid&#8221;][vc_column width=&#8221;1\/2&#8243;]<div class=\"mkdf-section-title-holder  mkdf-st-standard mkdf-st-title-left mkdf-st-normal-space \" style=\"text-align: left\">\n\t<div class=\"mkdf-st-inner\">\n        \t\t\t\t\t<h2 class=\"mkdf-st-title\" >\n\t\t\t\tContact details\t\t\t<\/h2>\n\t\t        \t\t\t<\/div>\n<\/div>[vc_row_inner][vc_column_inner width=&#8221;1\/2&#8243;][vc_column_text]<\/p>\n<p class=\"western\" align=\"justify\"><span style=\"font-family: 'Open Sans', serif; font-size: 12pt;\"><strong>Registered address:<br \/>\n<\/strong>Ul. Po\u0142udniowa 25b,<br \/>\n(I pi\u0119tro, pok. 121)<br \/>\n71-001 Szczecin<\/span><\/p>\n<p class=\"western\" align=\"justify\"><strong><span style=\"font-family: 'Open Sans', serif; font-size: 12pt;\">Sales office:<br \/>\n<\/span><\/strong><span style=\"font-family: 'Open Sans', serif; font-size: 12pt;\">Ul. \u017beromskiego 78,<br \/>\n<\/span><span style=\"font-family: 'Open Sans', serif; font-size: 12pt;\">72-600 \u015awinouj\u015bcie<\/span><\/p>\n<p>[\/vc_column_text][vc_column_text]<span style=\"font-size: 12pt;\"><strong>Phone:<\/strong><\/span><br \/>\n<span style=\"font-family: 'Open Sans', serif; font-size: 12pt;\"><a style=\"color: inherit;\" href=\"tel:+48511991913\">+48 511 991 913<\/a><\/span><br \/>\n<span style=\"font-family: 'Open Sans', serif; font-size: 12pt;\"><a style=\"color: inherit;\" href=\"tel:+48573707061\">+48 573 707 061<\/a><\/span>[\/vc_column_text][\/vc_column_inner][vc_column_inner width=&#8221;1\/2&#8243;][vc_column_text]<span style=\"font-family: 'Open Sans', serif; font-size: 12pt;\"><strong>Email:<\/strong><br \/>\n<span style=\"font-family: 'Open Sans', serif; font-size: 12pt;\"><a style=\"color: inherit;\" href=\"mailto:apartamenty@apolloresort.pl\">apartamenty@apolloresort.pl<\/a><br \/>\n<span style=\"font-family: 'Open Sans', serif; font-size: 12pt;\"><a style=\"color: inherit;\" href=\"mailto:e.pakula@apolloresort.pl\">e.pakula@apolloresort.pl<\/a><br \/>\n<span style=\"font-family: 'Open Sans', serif; font-size: 12pt;\"><a style=\"color: inherit;\" href=\"mailto:j.zagorska@apolloresort.pl\">j.zagorska@apolloresort.pl<\/a><\/span><\/span><\/span><\/span>[\/vc_column_text][vc_column_text css=&#8221;.vc_custom_1643055085495{padding-top: 30px !important;}&#8221;]<span style=\"font-family: 'Open Sans', serif; font-size: 12pt;\"><strong>Company details:<\/strong><br \/>\nPRIMS Sp. z o.o. SKA<br \/>\nREGON: 146958661<br \/>\nNIP: 7010402212<\/span>[\/vc_column_text][\/vc_column_inner][\/vc_row_inner][vc_empty_space height=&#8221;32&#8243;][\/vc_column][vc_column width=&#8221;1\/2&#8243;]<div class=\"mkdf-section-title-holder  mkdf-st-standard mkdf-st-title-left mkdf-st-normal-space \" style=\"text-align: left\">\n\t<div class=\"mkdf-st-inner\">\n        \t\t\t\t\t<h2 class=\"mkdf-st-title\" >\n\t\t\t\tVisit us\t\t\t<\/h2>\n\t\t        \t\t\t<\/div>\n<\/div>    <span class=\"mkdf-icon-shortcode mkdf-normal   mkdf-icon-medium\" style=\"margin: 0px 25px 0px 0px\" data-hover-color=\"#bf9410\">\n                    <a itemprop=\"url\" class=\"\" href=\"https:\/\/www.facebook.com\/Apollo-Resort-Apartments-100250602412505\" target=\"_blank\">\n                    <i class=\"mkdf-icon-font-awesome fa fa-facebook-square mkdf-icon-element\" style=\"font-size:48px\" ><\/i>                    <\/a>\n            <\/span>\n    <span class=\"mkdf-icon-shortcode mkdf-normal   mkdf-icon-medium\"  data-hover-color=\"#bf9410\">\n                    <a itemprop=\"url\" class=\"\" href=\"https:\/\/www.youtube.com\/channel\/UC7uNIAsuKmBaoakVte-DdhQ\" target=\"_blank\">\n                    <i class=\"mkdf-icon-font-awesome fa fa-youtube-square mkdf-icon-element\" style=\"font-size:48px\" ><\/i>                    <\/a>\n            <\/span>\n[\/vc_column][\/vc_row][vc_row][vc_column][vc_empty_space height=&#8221;70&#8243;][\/vc_column][\/vc_row]<\/p>\n<\/div>","protected":false},"excerpt":{"rendered":"<p>[vc_row][vc_column offset=&#8221;vc_hidden-xs&#8221;][\/vc_column][\/vc_row][vc_row][vc_column offset=&#8221;vc_hidden-lg vc_hidden-md vc_hidden-sm&#8221;][\/vc_column][vc_column][vc_empty_space][\/vc_column][\/vc_row][vc_row row_content_width=&#8221;grid&#8221; content_text_aligment=&#8221;left&#8221;][vc_column offset=&#8221;vc_col-lg-6&#8243;][vc_empty_space height=&#8221;30&#8243;][\/vc_column][vc_column offset=&#8221;vc_col-lg-6&#8243;][\/vc_column][vc_column][vc_empty_space height=&#8221;50&#8243;][\/vc_column][\/vc_row][vc_row row_content_width=&#8221;grid&#8221;][vc_column width=&#8221;1\/2&#8243;][vc_row_inner][vc_column_inner width=&#8221;1\/2&#8243;][vc_column_text] Registered address: Ul. Po\u0142udniowa 25b, (I pi\u0119tro, pok. 121) 71-001 Szczecin Sales office: Ul. \u017beromskiego 78, 72-600 \u015awinouj\u015bcie [\/vc_column_text][vc_column_text]Phone: +48 511 991 913 +48 573 707&hellip;<\/p>\n","protected":false},"author":1,"featured_media":0,"parent":0,"menu_order":0,"comment_status":"closed","ping_status":"closed","template":"contact.php","meta":{"footnotes":""},"acf":[],"_links":{"self":[{"href":"https:\/\/apolloresort.com.pl\/en\/wp-json\/wp\/v2\/pages\/6084"}],"collection":[{"href":"https:\/\/apolloresort.com.pl\/en\/wp-json\/wp\/v2\/pages"}],"about":[{"href":"https:\/\/apolloresort.com.pl\/en\/wp-json\/wp\/v2\/types\/page"}],"author":[{"embeddable":true,"href":"https:\/\/apolloresort.com.pl\/en\/wp-json\/wp\/v2\/users\/1"}],"replies":[{"embeddable":true,"href":"https:\/\/apolloresort.com.pl\/en\/wp-json\/wp\/v2\/comments?post=6084"}],"version-history":[{"count":3,"href":"https:\/\/apolloresort.com.pl\/en\/wp-json\/wp\/v2\/pages\/6084\/revisions"}],"predecessor-version":[{"id":6133,"href":"https:\/\/apolloresort.com.pl\/en\/wp-json\/wp\/v2\/pages\/6084\/revisions\/6133"}],"wp:attachment":[{"href":"https:\/\/apolloresort.com.pl\/en\/wp-json\/wp\/v2\/media?parent=6084"}],"curies":[{"name":"wp","href":"https:\/\/api.w.org\/{rel}","templated":true}]}}